{"id":74,"date":"2019-05-08T13:47:52","date_gmt":"2019-05-08T10:47:52","guid":{"rendered":"https:\/\/hoitopolut.siunsote.fi\/t1d\/?page_id=74"},"modified":"2021-09-30T14:37:39","modified_gmt":"2021-09-30T11:37:39","slug":"lausunnot-ja-todistukset","status":"publish","type":"page","link":"https:\/\/hoitopolut.siunsote.fi\/t1d\/lausunnot-ja-todistukset\/","title":{"rendered":"Lausunnot ja todistukset"},"content":{"rendered":"\n<h2 class=\"wp-block-heading\">Lausunnot ja todistukset linkkej\u00e4:<\/h2>\n\n\n\n<p><strong><a href=\"https:\/\/www.kela.fi\/laakkeet-ja-laakekorvaukset\" target=\"_blank\" rel=\"noreferrer noopener\" aria-label=\" (avautuu uudessa v\u00e4lilehdess\u00e4)\">Kelan kriteerit l\u00e4\u00e4kekorvauksista<\/a><\/strong><\/p>\n\n\n\n<h4 class=\"wp-block-heading\"><strong>B-lausunto erityis- ja rajoitetusti peruskorvattavista l\u00e4\u00e4kkeist\u00e4<\/strong><\/h4>\n\n\n\n<ul class=\"wp-block-list\"><li><a href=\"https:\/\/www.kela.fi\/laake103\" target=\"_blank\" rel=\"noreferrer noopener\" aria-label=\" (avautuu uudessa v\u00e4lilehdess\u00e4)\">103 Diabetes, insuliinihoito<\/a> <\/li><li><a rel=\"noreferrer noopener\" aria-label=\" (avautuu uudessa v\u00e4lilehdess\u00e4)\" href=\"https:\/\/www.kela.fi\/laake205\" target=\"_blank\">205 Krooninen verenpainetauti<\/a>:<\/li><li><a rel=\"noreferrer noopener\" aria-label=\" (avautuu uudessa v\u00e4lilehdess\u00e4)\" href=\"https:\/\/www.kela.fi\/laake206\" target=\"_blank\">206 Krooninen sepelvaltimotauti ja krooniseen sepelvaltimotautiin liittyv\u00e4 rasva-aineenvaihdunnan h\u00e4iri\u00f6<\/a><\/li><\/ul>\n\n\n\n<h4 class=\"wp-block-heading\"><strong>Muut l\u00e4\u00e4kitykseen liittyv\u00e4t<\/strong><\/h4>\n\n\n\n<ul class=\"wp-block-list\"><li><a rel=\"noreferrer noopener\" aria-label=\" (avautuu uudessa v\u00e4lilehdess\u00e4)\" href=\"https:\/\/www.fimea.fi\/documents\/160140\/764068\/16911_lomakkeet_LL720s.pdf\/1a2ce5e0-63f8-4866-949a-797e388fceaf\" target=\"_blank\">Haittavaikutusilmoitus<\/a><\/li><li><a href=\"https:\/\/www.fimea.fi\/documents\/160140\/764068\/21153_Erityislupahakemus.pdf\/5558157b-5775-410c-a9d5-4b1e4b89d3aa\" target=\"_blank\" rel=\"noreferrer noopener\" aria-label=\" (avautuu uudessa v\u00e4lilehdess\u00e4)\">Erityislupahakemus<\/a> <\/li><\/ul>\n\n\n\n<p><strong><a href=\"https:\/\/www.kela.fi\/laakarinlausunnot-ja-todistukset\" target=\"_blank\" rel=\"noreferrer noopener\" aria-label=\" (avautuu uudessa v\u00e4lilehdess\u00e4)\">B-lausunto kuntoutusta varten<\/a><\/strong><\/p>\n\n\n\n<p><a href=\"http:\/\/www.finlex.fi\/fi\/laki\/alkup\/2015\/20150768\" target=\"_blank\" rel=\"noreferrer noopener\" aria-label=\" (avautuu uudessa v\u00e4lilehdess\u00e4)\">Haittaluokitus<\/a><\/p>\n\n\n\n<ul class=\"wp-block-list\"><li>diabetes l\u00f6ytyy kohdasta: 15 Yleinen toiminnan vajaus<\/li><\/ul>\n\n\n\n<h3 class=\"wp-block-heading\"><strong>Ajoterveys:<\/strong><\/h3>\n\n\n\n<p><a href=\"https:\/\/asiointi.traficom.fi\/omatrafi-formservlet-web\/lomake\/F122\">L\u00e4\u00e4k\u00e4rinlausunto ajokyvyst\u00e4 (traficom.fi)<\/a><\/p>\n\n\n\n<p><a href=\"https:\/\/www.trafi.fi\/filebank\/a\/1529907087\/992176ead41f130b890d41f311514e56\/31036-Trafi_-_Ajoterveyden_arviointiohjeet_laakareille_-_21_6_2018.pdf\" target=\"_blank\" rel=\"noreferrer noopener\" aria-label=\" (avautuu uudessa v\u00e4lilehdess\u00e4)\">Trafin ajoterveyden arviointiohjeet l\u00e4\u00e4k\u00e4reille <\/a><\/p>\n","protected":false},"excerpt":{"rendered":"<p>Lausunnot ja todistukset linkkej\u00e4: Kelan kriteerit l\u00e4\u00e4kekorvauksista B-lausunto erityis- ja rajoitetusti peruskorvattavista l\u00e4\u00e4kkeist\u00e4 103 Diabetes, insuliinihoito 205 Krooninen verenpainetauti: 206 Krooninen sepelvaltimotauti ja krooniseen sepelvaltimotautiin liittyv\u00e4 rasva-aineenvaihdunnan h\u00e4iri\u00f6 Muut l\u00e4\u00e4kitykseen liittyv\u00e4t Haittavaikutusilmoitus Erityislupahakemus B-lausunto kuntoutusta varten Haittaluokitus diabetes l\u00f6ytyy kohdasta: 15 Yleinen toiminnan vajaus Ajoterveys: L\u00e4\u00e4k\u00e4rinlausunto ajokyvyst\u00e4 (traficom.fi) Trafin ajoterveyden arviointiohjeet l\u00e4\u00e4k\u00e4reille<\/p>\n","protected":false},"author":1,"featured_media":0,"parent":0,"menu_order":3,"comment_status":"closed","ping_status":"closed","template":"","meta":{"footnotes":""},"categories":[3],"tags":[],"class_list":["post-74","page","type-page","status-publish","hentry","category-sivupalkki"],"_links":{"self":[{"href":"https:\/\/hoitopolut.siunsote.fi\/t1d\/wp-json\/wp\/v2\/pages\/74","targetHints":{"allow":["GET"]}}],"collection":[{"href":"https:\/\/hoitopolut.siunsote.fi\/t1d\/wp-json\/wp\/v2\/pages"}],"about":[{"href":"https:\/\/hoitopolut.siunsote.fi\/t1d\/wp-json\/wp\/v2\/types\/page"}],"author":[{"embeddable":true,"href":"https:\/\/hoitopolut.siunsote.fi\/t1d\/wp-json\/wp\/v2\/users\/1"}],"replies":[{"embeddable":true,"href":"https:\/\/hoitopolut.siunsote.fi\/t1d\/wp-json\/wp\/v2\/comments?post=74"}],"version-history":[{"count":10,"href":"https:\/\/hoitopolut.siunsote.fi\/t1d\/wp-json\/wp\/v2\/pages\/74\/revisions"}],"predecessor-version":[{"id":657,"href":"https:\/\/hoitopolut.siunsote.fi\/t1d\/wp-json\/wp\/v2\/pages\/74\/revisions\/657"}],"wp:attachment":[{"href":"https:\/\/hoitopolut.siunsote.fi\/t1d\/wp-json\/wp\/v2\/media?parent=74"}],"wp:term":[{"taxonomy":"category","embeddable":true,"href":"https:\/\/hoitopolut.siunsote.fi\/t1d\/wp-json\/wp\/v2\/categories?post=74"},{"taxonomy":"post_tag","embeddable":true,"href":"https:\/\/hoitopolut.siunsote.fi\/t1d\/wp-json\/wp\/v2\/tags?post=74"}],"curies":[{"name":"wp","href":"https:\/\/api.w.org\/{rel}","templated":true}]}}