{"id":72,"date":"2019-05-08T13:46:48","date_gmt":"2019-05-08T10:46:48","guid":{"rendered":"https:\/\/hoitopolut.siunsote.fi\/t1d\/?page_id=72"},"modified":"2022-06-09T12:33:06","modified_gmt":"2022-06-09T09:33:06","slug":"materiaalipankki","status":"publish","type":"page","link":"https:\/\/hoitopolut.siunsote.fi\/t1d\/materiaalipankki\/","title":{"rendered":"Materiaalipankki"},"content":{"rendered":"\n<h2 class=\"wp-block-heading\" id=\"ajoterveys\">Ajoterveys<\/h2>\n\n\n\n<ul class=\"wp-block-list\"><li><a href=\"https:\/\/www.traficom.fi\/sites\/default\/files\/media\/regulation\/Ajoterveyden%20arviointiohjeet%20laakareille.pdf\">Traficom- turvallista matkaa- ohjeet l\u00e4\u00e4k\u00e4rille<\/a><\/li><li><a rel=\"noreferrer noopener\" aria-label=\" (avautuu uudessa v\u00e4lilehdess\u00e4)\" href=\"https:\/\/hoitopolut.siunsote.fi\/t1d\/wp-content\/uploads\/2019\/09\/Turvallista-matkaa-ajoterveysohje_diabeetikoille.pdf\" target=\"_blank\">Turvallista matkaa &#8211; ohjeet diabeetikolle <\/a><\/li><\/ul>\n\n\n\n<h2 class=\"wp-block-heading\" id=\"alkoholi-tupakka-ja-paihteet\">Alkoholi, tupakka ja p\u00e4ihteet<\/h2>\n\n\n\n<ul class=\"wp-block-list\"><li><a rel=\"noreferrer noopener\" aria-label=\" (avautuu uudessa v\u00e4lilehdess\u00e4)\" href=\"https:\/\/paihdelinkki.fi\/fi\/testit-ja-laskurit\/alkoholi\/alkoholin-kayton-riskit-audit\" target=\"_blank\">AUDIT-testi<\/a><\/li><li><a rel=\"noreferrer noopener\" aria-label=\"P\u00e4ihdelinkki - Testit ja laskurit (avautuu uudessa v\u00e4lilehdess\u00e4)\" href=\"https:\/\/paihdelinkki.fi\/testit\" target=\"_blank\">P\u00e4ihdelinkki &#8211; Testit ja laskurit<\/a><\/li><li><a rel=\"noreferrer noopener\" aria-label=\" (avautuu uudessa v\u00e4lilehdess\u00e4)\" href=\"http:\/\/www.kaypahoito.fi\/web\/kh\/suositukset\/suositus?id=hoi50028\" target=\"_blank\">K\u00e4yp\u00e4 hoito -suositus: Alkoholiongelmaisen hoito<\/a><\/li><li><a rel=\"noreferrer noopener\" href=\"http:\/\/www.kaypahoito.fi\/web\/kh\/suositukset\/suositus?id=hoi50041\" target=\"_blank\">K\u00e4yp\u00e4 hoito -suositus: Huumeongelmaisen hoito<\/a><\/li><li><a rel=\"noreferrer noopener\" aria-label=\" (avautuu uudessa v\u00e4lilehdess\u00e4)\" href=\"http:\/\/www.kaypahoito.fi\/web\/kh\/suositukset\/suositus?id=hoi40020\" target=\"_blank\">K\u00e4yp\u00e4 hoito -suositus: Tupakka- ja nikotiiniriippuvuuden ehk\u00e4isy ja hoito<\/a><\/li><\/ul>\n\n\n\n<h2 class=\"wp-block-heading\" id=\"diabetesyhdistykset\">Diabetesyhdistykset<\/h2>\n\n\n\n<ul class=\"wp-block-list\"><li><a rel=\"noreferrer noopener\" aria-label=\" (avautuu uudessa v\u00e4lilehdess\u00e4)\" href=\"https:\/\/www.joensuundiabetes.fi\/\" target=\"_blank\">Joensuun Seudun Diabetes ry<\/a> <\/li><li><a rel=\"noreferrer noopener\" aria-label=\" (avautuu uudessa v\u00e4lilehdess\u00e4)\" href=\"https:\/\/www.diabetes.fi\/\" target=\"_blank\">Diabetesliitto<\/a><\/li><li><a href=\"https:\/\/www.terveyskyla.fi\/diabetestalo\" target=\"_blank\" rel=\"noreferrer noopener\" aria-label=\" (avautuu uudessa v\u00e4lilehdess\u00e4)\">Diabetestalo<\/a> <\/li><\/ul>\n\n\n\n<h2 class=\"wp-block-heading\" id=\"hoidonohjaus\">Hoidonohjaus<\/h2>\n\n\n\n<ul class=\"wp-block-list\"><li><a rel=\"noreferrer noopener\" aria-label=\"Novo Nordiskin erikielisten ohjeiden tilauslomake (Excel) (avautuu uudessa v\u00e4lilehdess\u00e4)\" href=\"https:\/\/hoitopolut.siunsote.fi\/t1d\/wp-content\/uploads\/2019\/05\/Materiaalien_tilauslomake.xlsx\" target=\"_blank\">Novo Nordiskin materiaalien tilauslomake (Excel)<\/a><\/li><\/ul>\n\n\n\n<h2 class=\"wp-block-heading\" id=\"insuliini-erikieliset-ohjeet\">Insuliini &#8211; erikieliset ohjeet<\/h2>\n\n\n\n<ul class=\"wp-block-list\"><li><a rel=\"noreferrer noopener\" aria-label=\" (avautuu uudessa v\u00e4lilehdess\u00e4)\" href=\"https:\/\/hoitopolut.siunsote.fi\/t1d\/wp-content\/uploads\/2019\/06\/Fiasp\u00ae_potilasopas_SWE.pdf\" target=\"_blank\">Fiasp\u00ae potilasopas (Ruotsi)<\/a><\/li><li><a rel=\"noreferrer noopener\" aria-label=\" (avautuu uudessa v\u00e4lilehdess\u00e4)\" href=\"https:\/\/hoitopolut.siunsote.fi\/t1d\/wp-content\/uploads\/2019\/06\/NovoRapid\u00ae_potilasopas_SWE.pdf\" target=\"_blank\">NovoRapid\u00ae potilasopas (Ruotsi)<\/a><\/li><li><a rel=\"noreferrer noopener\" aria-label=\"Tresiba\u00ae T1 potilasopas (Englanti) (avautuu uudessa v\u00e4lilehdess\u00e4)\" href=\"https:\/\/hoitopolut.siunsote.fi\/t1d\/wp-content\/uploads\/2019\/06\/Tresiba\u00ae_T1_potilasopas_ENG.pdf\" target=\"_blank\">Tresiba\u00ae T1 potilasopas (Englanti)<\/a><\/li><li><a rel=\"noreferrer noopener\" aria-label=\"Tresiba\u00ae T1 potilasopas (Ruotsi) (avautuu uudessa v\u00e4lilehdess\u00e4)\" href=\"https:\/\/hoitopolut.siunsote.fi\/t1d\/wp-content\/uploads\/2019\/06\/Tresiba\u00ae_T1_potilasopas_SWE.pdf\" target=\"_blank\">Tresiba\u00ae T1 potilasopas (Ruotsi)<\/a><\/li><li><a href=\"https:\/\/hoitopolut.siunsote.fi\/t1d\/wp-content\/uploads\/2019\/06\/Tresiba\u00ae_T1_T2_potilasopas_ENG.pdf\" target=\"_blank\" rel=\"noreferrer noopener\" aria-label=\" (avautuu uudessa v\u00e4lilehdess\u00e4)\">Tresiba\u00ae T1&amp;T2 potilasopas (Englanti)<\/a><\/li><li><a rel=\"noreferrer noopener\" aria-label=\"Tresiba\u00ae T1&amp;T2 potilasopas (Ruotsi) (avautuu uudessa v\u00e4lilehdess\u00e4)\" href=\"https:\/\/hoitopolut.siunsote.fi\/t1d\/wp-content\/uploads\/2019\/06\/Tresiba\u00ae_T1_T2_potilasopas_SWE.pdf\" target=\"_blank\">Tresiba\u00ae T1&amp;T2 potilasopas (Ruotsi)<\/a><\/li><\/ul>\n\n\n\n<h2 class=\"wp-block-heading\" id=\"jalkojenhoito\">Jalkojenhoito<\/h2>\n\n\n\n<ul class=\"wp-block-list\"><li><a href=\"https:\/\/siunsote.sharepoint.com\/:w:\/r\/sites\/Tiedostopankki\/_layouts\/15\/Doc.aspx?sourcedoc=%7B0F8708AC-1E30-4C53-BD9A-D46E136FB747%7D&amp;file=Siunsote_SIS_potilas_riskijalkaisten_%20diabeetikkojen_%20ja_%20reumaatikkojen_jalkojenhoidon_palveluseteli.docx&amp;action=default&amp;mobileredirect=true&amp;DefaultItemOpen=1\">Jalkojenhoidon palveluseteli (asiakasohje)<\/a><\/li><li><a rel=\"noreferrer noopener\" href=\"https:\/\/siunsote.sharepoint.com\/:w:\/r\/sites\/Tiedostopankki\/_layouts\/15\/Doc.aspx?sourcedoc=%7B8789DD7F-9B80-4A09-A72B-4CADC9799087%7D&amp;file=Siunsote_SIS_tyoohje_Jalkojen_hoidon_porrastus_ja_toteutus_Siunsotessa.docx&amp;action=default&amp;mobileredirect=true\" target=\"_blank\">Jalkaterapian hoidon porrastus Siun sotessa<\/a><br><\/li><li><a rel=\"noreferrer noopener\" aria-label=\" (avautuu uudessa v\u00e4lilehdess\u00e4)\" href=\"http:\/\/intra.siunsote.fi\/omat_tyoryhmat\/mediatri\/Ohjeita\/Laskutus-,%20maksusitoumus-%20ja%20palveluseteliohjeet\/Siun%20sote_PTH_Palveluseteli_Jalkahoito.pdf\" target=\"_blank\">Ennaltaehk\u00e4isev\u00e4 jalkojenhoito palvelusetelill\u00e4<\/a><br><\/li><li>Palvelusetelin tuottajat<a href=\"https:\/\/www.palveluseteli.fi\/fi\/palvelusetelit\/kayttokohdehaku?service_type=servicecoupon&amp;municipality%5B%5D=173253&amp;service%5B%5D=229&amp;service_coupon_code=&amp;keywords=&amp;city=&amp;op=Hae+k%C3%A4ytt%C3%B6kohteita\"> | Vaana (palveluseteli.fi)<\/a> <\/li><li><a rel=\"noreferrer noopener\" href=\"https:\/\/siunsote.sharepoint.com\/:w:\/r\/sites\/Tiedostopankki\/_layouts\/15\/Doc.aspx?sourcedoc=%7B5D7C4714-7BC9-4BC2-BD45-0C76A05F9A74%7D&amp;file=Siunsote_SIS_tyoohje_Diabetesjalkatyoryhma.docx&amp;action=default&amp;mobileredirect=true\" data-type=\"URL\" target=\"_blank\">Diabetesjalkaty\u00f6ryhm\u00e4 &#8211; l\u00e4hett\u00e4misen indikaatiot<\/a><\/li><\/ul>\n\n\n\n<h2 class=\"wp-block-heading\" id=\"kuntoutus\">Kuntoutus<\/h2>\n\n\n\n<ul class=\"wp-block-list\"><li><a rel=\"noreferrer noopener\" aria-label=\" (avautuu uudessa v\u00e4lilehdess\u00e4)\" href=\"https:\/\/www.kela.fi\/kuntoutus-ja-sopeutumisvalmennuskurssit\" target=\"_blank\">Kelan kurssit<\/a><\/li><li><a href=\"https:\/\/www.diabetes.fi\/kurssit\" target=\"_blank\" rel=\"noreferrer noopener\" aria-label=\" (avautuu uudessa v\u00e4lilehdess\u00e4)\">Diabetesliiton kurssit<\/a> <\/li><\/ul>\n\n\n\n<h2 class=\"wp-block-heading\" id=\"matkustaminen\">Matkustaminen<\/h2>\n\n\n\n<ul class=\"wp-block-list\"><li><a href=\"https:\/\/www.diabetes.fi\/d-elamaa\/matkustaminen\" target=\"_blank\" rel=\"noreferrer noopener\" aria-label=\" (avautuu uudessa v\u00e4lilehdess\u00e4)\">Diabetesliitto &#8211; Matkustaminen<\/a><ul><li><strong><a rel=\"noreferrer noopener\" aria-label=\" (avautuu uudessa v\u00e4lilehdess\u00e4)\" href=\"https:\/\/www.diabetes.fi\/files\/106\/medical_certificate_2019.pdf\" target=\"_blank\">Medical Certificate<\/a><\/strong><\/li><\/ul><\/li><\/ul>\n\n\n\n<h2 class=\"wp-block-heading\" id=\"sosiaaliturva\">Sosiaaliturva<\/h2>\n\n\n\n<ul class=\"wp-block-list\"><li><a rel=\"noreferrer noopener\" aria-label=\"Siun soten aikuissosiaality\u00f6n yhteystiedot (avautuu uudessa v\u00e4lilehdess\u00e4)\" href=\"https:\/\/www.siunsote.fi\/\/aikuissosiaalityon-palvelut\" target=\"_blank\">Siun soten aikuissosiaality\u00f6n yhteystiedot<\/a><\/li><li><a rel=\"noreferrer noopener\" href=\"https:\/\/www.diabetes.fi\/diabetes\/sosiaaliturva_oikeudet_ja_velvollisuudet#Diabeetikonsosiaaliturva\" target=\"_blank\">Diabetesliitto: Diabeetikon sosiaaliturvaopas<\/a> <\/li><li><a rel=\"noreferrer noopener\" aria-label=\"Diabetesliitto: Diabeetikoiden varusmiespalvelus ei ole en\u00e4\u00e4 mahdollista (avautuu uudessa v\u00e4lilehdess\u00e4)\" href=\"https:\/\/www.diabetes.fi\/yhteiso\/ajankohtaista\/diabeetikoiden_varusmiespalvelus_ei_ole_enaa_mahdollista.21350.news\" target=\"_blank\">Diabetesliitto: Diabeetikoiden varusmiespalvelus ei ole en\u00e4\u00e4 mahdollista<\/a><\/li><\/ul>\n\n\n\n<h2 class=\"wp-block-heading\" id=\"varusmiespalvelus\">Varusmiespalvelus<\/h2>\n\n\n\n<ul class=\"wp-block-list\"><li><a href=\"https:\/\/www.diabetes.fi\/d-elamaa\/asepalvelus\" target=\"_blank\" rel=\"noreferrer noopener\" aria-label=\" (avautuu uudessa v\u00e4lilehdess\u00e4)\">Diabetesliitto: Diabetes ja asepalvelus<\/a><\/li><\/ul>\n\n\n\n<h2 class=\"wp-block-heading\" id=\"verensokerin-seuranta\">Verensokerin seuranta<\/h2>\n\n\n\n<ul class=\"wp-block-list\"><li><a rel=\"noreferrer noopener\" aria-label=\" (avautuu uudessa v\u00e4lilehdess\u00e4)\" href=\"https:\/\/hoitopolut.siunsote.fi\/t1d\/wp-content\/uploads\/2019\/06\/VALMIS_Glukoosipitoisuuden-omaseuranta-ja-liuskojen-tarve-teksti-ja-kuva-sek\u00e4-linkki.docx\" target=\"_blank\">Glukoosipitosuuden omaseuranta ja liuskojen tarve<\/a><\/li><\/ul>\n\n\n\n<h2 class=\"wp-block-heading\" id=\"hyodyllisia-linkkeja\">Hy\u00f6dyllisi\u00e4 linkkej\u00e4<\/h2>\n\n\n\n<ul class=\"wp-block-list\"><li><a rel=\"noreferrer noopener\" aria-label=\" (avautuu uudessa v\u00e4lilehdess\u00e4)\" href=\"https:\/\/fineli.fi\/fineli\/fi\/index\" target=\"_blank\">Fineli<\/a><\/li><li><a rel=\"noreferrer noopener\" aria-label=\" (avautuu uudessa v\u00e4lilehdess\u00e4)\" href=\"https:\/\/www.mielenterveystalo.fi\/\" target=\"_blank\">Mielenterveystalo<\/a><\/li><li><a rel=\"noreferrer noopener\" aria-label=\" (avautuu uudessa v\u00e4lilehdess\u00e4)\" href=\"https:\/\/www.terveyskyla.fi\/painonhallinta\" target=\"_blank\">Painonhallintatalo<\/a><\/li><li><a rel=\"noreferrer noopener\" aria-label=\" (avautuu uudessa v\u00e4lilehdess\u00e4)\" href=\"http:\/\/www.ukkinstituutti.fi\/\" target=\"_blank\">UKK instituutti<\/a><\/li><li><a rel=\"noreferrer noopener\" aria-label=\" (avautuu uudessa v\u00e4lilehdess\u00e4)\" href=\"https:\/\/www.terveysportti.fi\/apps\/renbase\/\" target=\"_blank\">Renbase<\/a><\/li><\/ul>\n\n\n\n<h3 class=\"wp-block-heading\" id=\"laskurit\">Laskurit<\/h3>\n\n\n\n<ul class=\"wp-block-list\"><li><a href=\"https:\/\/thl.fi\/fi\/web\/kansantaudit\/sydan-ja-verisuonitaudit\/finriski-laskuri\" target=\"_blank\" rel=\"noreferrer noopener\" aria-label=\" (avautuu uudessa v\u00e4lilehdess\u00e4)\">FINRISKI-laskuri<\/a><\/li><li><a rel=\"noreferrer noopener\" aria-label=\" (avautuu uudessa v\u00e4lilehdess\u00e4)\" href=\"https:\/\/www.terveyskirjasto.fi\/xmedia\/pgr\/200.003.html\" target=\"_blank\">GFR laskuri<\/a><\/li><li><a rel=\"noreferrer noopener\" aria-label=\" (avautuu uudessa v\u00e4lilehdess\u00e4)\" href=\"https:\/\/www.terveysportti.fi\/apps\/ltk\/pgr00040#s2\" target=\"_blank\">Verenpaineen keskiarvon laskeminen<\/a><\/li><\/ul>\n","protected":false},"excerpt":{"rendered":"<p>Ajoterveys Traficom- turvallista matkaa- ohjeet l\u00e4\u00e4k\u00e4rille Turvallista matkaa &#8211; ohjeet diabeetikolle Alkoholi, tupakka ja p\u00e4ihteet AUDIT-testi P\u00e4ihdelinkki &#8211; Testit ja laskurit K\u00e4yp\u00e4 hoito -suositus: Alkoholiongelmaisen hoito K\u00e4yp\u00e4 hoito -suositus: Huumeongelmaisen hoito K\u00e4yp\u00e4 hoito -suositus: Tupakka- ja nikotiiniriippuvuuden ehk\u00e4isy ja hoito Diabetesyhdistykset Joensuun Seudun Diabetes ry Diabetesliitto Diabetestalo Hoidonohjaus Novo Nordiskin materiaalien tilauslomake (Excel) Insuliini &#8211; [&hellip;]<\/p>\n","protected":false},"author":1,"featured_media":0,"parent":0,"menu_order":2,"comment_status":"closed","ping_status":"closed","template":"","meta":{"footnotes":""},"categories":[3],"tags":[],"class_list":["post-72","page","type-page","status-publish","hentry","category-sivupalkki"],"_links":{"self":[{"href":"https:\/\/hoitopolut.siunsote.fi\/t1d\/wp-json\/wp\/v2\/pages\/72","targetHints":{"allow":["GET"]}}],"collection":[{"href":"https:\/\/hoitopolut.siunsote.fi\/t1d\/wp-json\/wp\/v2\/pages"}],"about":[{"href":"https:\/\/hoitopolut.siunsote.fi\/t1d\/wp-json\/wp\/v2\/types\/page"}],"author":[{"embeddable":true,"href":"https:\/\/hoitopolut.siunsote.fi\/t1d\/wp-json\/wp\/v2\/users\/1"}],"replies":[{"embeddable":true,"href":"https:\/\/hoitopolut.siunsote.fi\/t1d\/wp-json\/wp\/v2\/comments?post=72"}],"version-history":[{"count":45,"href":"https:\/\/hoitopolut.siunsote.fi\/t1d\/wp-json\/wp\/v2\/pages\/72\/revisions"}],"predecessor-version":[{"id":809,"href":"https:\/\/hoitopolut.siunsote.fi\/t1d\/wp-json\/wp\/v2\/pages\/72\/revisions\/809"}],"wp:attachment":[{"href":"https:\/\/hoitopolut.siunsote.fi\/t1d\/wp-json\/wp\/v2\/media?parent=72"}],"wp:term":[{"taxonomy":"category","embeddable":true,"href":"https:\/\/hoitopolut.siunsote.fi\/t1d\/wp-json\/wp\/v2\/categories?post=72"},{"taxonomy":"post_tag","embeddable":true,"href":"https:\/\/hoitopolut.siunsote.fi\/t1d\/wp-json\/wp\/v2\/tags?post=72"}],"curies":[{"name":"wp","href":"https:\/\/api.w.org\/{rel}","templated":true}]}}