{"id":36,"date":"2019-05-08T11:42:19","date_gmt":"2019-05-08T08:42:19","guid":{"rendered":"https:\/\/hoitopolut.siunsote.fi\/t1d\/?page_id=36"},"modified":"2022-06-17T11:27:04","modified_gmt":"2022-06-17T08:27:04","slug":"verensokerin-seuranta-ja-hoitotarvikejakelu","status":"publish","type":"page","link":"https:\/\/hoitopolut.siunsote.fi\/t1d\/verensokerin-seuranta-ja-hoitotarvikejakelu\/","title":{"rendered":"Verensokerin seuranta ja hoitotarvikejakelu"},"content":{"rendered":"\n<h3 class=\"wp-block-heading\">Verensokerin mittaaminen ja hoitotarvikkeiden ilmaisjakelu<\/h3>\n\n\n\n<p>Hoitotavoitteiden saavuttamiseksi glukoosin omaseuranta on insuliinihoitoiselle diabeetikolle v\u00e4ltt\u00e4m\u00e4t\u00f6nt\u00e4. Glukoosipitoisuuden omaseurantaa voidaan toteuttaa kapillaariglukoosimittauksin tai ihonalaista kudosglukoosia mittaavan sensorin avulla.<\/p>\n\n\n\n<p>Sairauden hoitoon kuuluvien hoitotarvikkeiden ilmaisjakelu perustuu terveydenhuollon ammattihenkil\u00f6n suorittamaan arviointiin ja seurantaan, sek\u00e4 yksil\u00f6llisen tarpeen m\u00e4\u00e4rittelyyn. Hoitotarvikkeita annetaan kolmen kuukauden tarve kerrallaan yksil\u00f6llisen tarpeen mukaan. <\/p>\n\n\n\n<p>Freestyle mittareille on omat k\u00e4ytt\u00f6aiheet.<\/p>\n\n\n\n<p><\/p>\n\n\n\n\n\n<p><\/p>\n","protected":false},"excerpt":{"rendered":"<p>Verensokerin mittaaminen ja hoitotarvikkeiden ilmaisjakelu Hoitotavoitteiden saavuttamiseksi glukoosin omaseuranta on insuliinihoitoiselle diabeetikolle v\u00e4ltt\u00e4m\u00e4t\u00f6nt\u00e4. Glukoosipitoisuuden omaseurantaa voidaan toteuttaa kapillaariglukoosimittauksin tai ihonalaista kudosglukoosia mittaavan sensorin avulla. Sairauden hoitoon kuuluvien hoitotarvikkeiden ilmaisjakelu perustuu terveydenhuollon ammattihenkil\u00f6n suorittamaan arviointiin ja seurantaan, sek\u00e4 yksil\u00f6llisen tarpeen m\u00e4\u00e4rittelyyn. Hoitotarvikkeita annetaan kolmen kuukauden tarve kerrallaan yksil\u00f6llisen tarpeen mukaan. Freestyle mittareille on omat k\u00e4ytt\u00f6aiheet.<\/p>\n","protected":false},"author":1,"featured_media":37,"parent":0,"menu_order":4,"comment_status":"closed","ping_status":"closed","template":"","meta":{"footnotes":""},"categories":[9],"tags":[],"class_list":["post-36","page","type-page","status-publish","has-post-thumbnail","hentry","category-diabeteksen-hoito-ja-verensokeriseuranta"],"_links":{"self":[{"href":"https:\/\/hoitopolut.siunsote.fi\/t1d\/wp-json\/wp\/v2\/pages\/36","targetHints":{"allow":["GET"]}}],"collection":[{"href":"https:\/\/hoitopolut.siunsote.fi\/t1d\/wp-json\/wp\/v2\/pages"}],"about":[{"href":"https:\/\/hoitopolut.siunsote.fi\/t1d\/wp-json\/wp\/v2\/types\/page"}],"author":[{"embeddable":true,"href":"https:\/\/hoitopolut.siunsote.fi\/t1d\/wp-json\/wp\/v2\/users\/1"}],"replies":[{"embeddable":true,"href":"https:\/\/hoitopolut.siunsote.fi\/t1d\/wp-json\/wp\/v2\/comments?post=36"}],"version-history":[{"count":21,"href":"https:\/\/hoitopolut.siunsote.fi\/t1d\/wp-json\/wp\/v2\/pages\/36\/revisions"}],"predecessor-version":[{"id":844,"href":"https:\/\/hoitopolut.siunsote.fi\/t1d\/wp-json\/wp\/v2\/pages\/36\/revisions\/844"}],"wp:featuredmedia":[{"embeddable":true,"href":"https:\/\/hoitopolut.siunsote.fi\/t1d\/wp-json\/wp\/v2\/media\/37"}],"wp:attachment":[{"href":"https:\/\/hoitopolut.siunsote.fi\/t1d\/wp-json\/wp\/v2\/media?parent=36"}],"wp:term":[{"taxonomy":"category","embeddable":true,"href":"https:\/\/hoitopolut.siunsote.fi\/t1d\/wp-json\/wp\/v2\/categories?post=36"},{"taxonomy":"post_tag","embeddable":true,"href":"https:\/\/hoitopolut.siunsote.fi\/t1d\/wp-json\/wp\/v2\/tags?post=36"}],"curies":[{"name":"wp","href":"https:\/\/api.w.org\/{rel}","templated":true}]}}