{"id":348,"date":"2019-05-21T11:35:13","date_gmt":"2019-05-21T08:35:13","guid":{"rendered":"https:\/\/hoitopolut.siunsote.fi\/t1d\/?page_id=348"},"modified":"2019-06-14T12:53:21","modified_gmt":"2019-06-14T09:53:21","slug":"tyoryhma-ja-palaute","status":"publish","type":"page","link":"https:\/\/hoitopolut.siunsote.fi\/t1d\/tyoryhma-ja-palaute\/","title":{"rendered":"Ty\u00f6ryhm\u00e4 ja palaute"},"content":{"rendered":"\n<h3 class=\"wp-block-heading\">Tyypin 1 diabetes \u2013 hoitopolku ty\u00f6ryhm\u00e4<\/h3>\n\n\n\n<p>Ylil\u00e4\u00e4k\u00e4ri Hilkka Tirkkonen<\/p>\n\n\n\n<p>Erikoisl\u00e4\u00e4k\u00e4ri Saila Hurskainen<\/p>\n\n\n\n<p>Erikoisl\u00e4\u00e4k\u00e4ri Asta Ryyn\u00e4nen<\/p>\n\n\n\n<p>Erikoisl\u00e4\u00e4k\u00e4ri Virpi Sidoroff<\/p>\n\n\n\n<p>Diabeteshoitaja Arja Elonen<\/p>\n\n\n\n<p>Diabeteshoitaja Sari Kortelainen<\/p>\n\n\n\n<p>Diabeteshoitaja Satu Hasunen<\/p>\n\n\n\n<p>Diabeteshoitaja Sini Kujala<\/p>\n\n\n\n<p>Johtava ravitsemusterapeutti Mirja Huuskonen<\/p>\n\n\n\n<p>Diabeteshoitaja Tuula Karjalainen, sihteeri<\/p>\n\n\n\n<p>Ylil\u00e4\u00e4k\u00e4ri P\u00e4ivi Rautiainen, puheenjohtaja<\/p>\n\n\n\n<h3 class=\"wp-block-heading\">Palaute<\/h3>\n\n\n\n<p>Hoitopolkuun liittyv\u00e4\u00e4 palautetta voi antaa Tuula Karjalaiselle s\u00e4hk\u00f6postilla osoitteeseen <a href=\"mailto:tuula.karjalainen@siunsote.fi\">tuula.karjalainen@siunsote.fi<\/a>.<\/p>\n","protected":false},"excerpt":{"rendered":"<p>Tyypin 1 diabetes \u2013 hoitopolku ty\u00f6ryhm\u00e4 Ylil\u00e4\u00e4k\u00e4ri Hilkka Tirkkonen Erikoisl\u00e4\u00e4k\u00e4ri Saila Hurskainen Erikoisl\u00e4\u00e4k\u00e4ri Asta Ryyn\u00e4nen Erikoisl\u00e4\u00e4k\u00e4ri Virpi Sidoroff Diabeteshoitaja Arja Elonen Diabeteshoitaja Sari Kortelainen Diabeteshoitaja Satu Hasunen Diabeteshoitaja Sini Kujala Johtava ravitsemusterapeutti Mirja Huuskonen Diabeteshoitaja Tuula Karjalainen, sihteeri Ylil\u00e4\u00e4k\u00e4ri P\u00e4ivi Rautiainen, puheenjohtaja Palaute Hoitopolkuun liittyv\u00e4\u00e4 palautetta voi antaa Tuula Karjalaiselle s\u00e4hk\u00f6postilla osoitteeseen tuula.karjalainen@siunsote.fi.<\/p>\n","protected":false},"author":1,"featured_media":0,"parent":0,"menu_order":5,"comment_status":"closed","ping_status":"closed","template":"","meta":{"footnotes":""},"categories":[3],"tags":[],"class_list":["post-348","page","type-page","status-publish","hentry","category-sivupalkki"],"_links":{"self":[{"href":"https:\/\/hoitopolut.siunsote.fi\/t1d\/wp-json\/wp\/v2\/pages\/348","targetHints":{"allow":["GET"]}}],"collection":[{"href":"https:\/\/hoitopolut.siunsote.fi\/t1d\/wp-json\/wp\/v2\/pages"}],"about":[{"href":"https:\/\/hoitopolut.siunsote.fi\/t1d\/wp-json\/wp\/v2\/types\/page"}],"author":[{"embeddable":true,"href":"https:\/\/hoitopolut.siunsote.fi\/t1d\/wp-json\/wp\/v2\/users\/1"}],"replies":[{"embeddable":true,"href":"https:\/\/hoitopolut.siunsote.fi\/t1d\/wp-json\/wp\/v2\/comments?post=348"}],"version-history":[{"count":4,"href":"https:\/\/hoitopolut.siunsote.fi\/t1d\/wp-json\/wp\/v2\/pages\/348\/revisions"}],"predecessor-version":[{"id":352,"href":"https:\/\/hoitopolut.siunsote.fi\/t1d\/wp-json\/wp\/v2\/pages\/348\/revisions\/352"}],"wp:attachment":[{"href":"https:\/\/hoitopolut.siunsote.fi\/t1d\/wp-json\/wp\/v2\/media?parent=348"}],"wp:term":[{"taxonomy":"category","embeddable":true,"href":"https:\/\/hoitopolut.siunsote.fi\/t1d\/wp-json\/wp\/v2\/categories?post=348"},{"taxonomy":"post_tag","embeddable":true,"href":"https:\/\/hoitopolut.siunsote.fi\/t1d\/wp-json\/wp\/v2\/tags?post=348"}],"curies":[{"name":"wp","href":"https:\/\/api.w.org\/{rel}","templated":true}]}}