{"id":332,"date":"2019-05-21T10:01:09","date_gmt":"2019-05-21T07:01:09","guid":{"rendered":"https:\/\/hoitopolut.siunsote.fi\/t1d\/?page_id=332"},"modified":"2022-06-17T10:39:36","modified_gmt":"2022-06-17T07:39:36","slug":"tyypin-1-diabeteksesta-ruotsiksi","status":"publish","type":"page","link":"https:\/\/hoitopolut.siunsote.fi\/t1d\/tyypin-1-diabeteksesta-ruotsiksi\/","title":{"rendered":"Tyypin 1 diabeteksesta ruotsiksi"},"content":{"rendered":"\n<p><strong>Typ 1-diabetes<\/strong><\/p>\n\n\n\n<p><strong>Arvsg\u00e5ngen<\/strong><\/p>\n\n\n\n<p>Arvsg\u00e5ngen vid typ 1-diabetes \u00e4r komplicerad och till stora delar fortfarande ok\u00e4nd. Ett barn till en f\u00f6r\u00e4lder med typ 1-diabetes l\u00f6per mindre \u00e4n fem procents risk att ocks\u00e5 f\u00e5 sjukdomen. Om b\u00e5da f\u00f6r\u00e4ldrarna har typ 1-diabetes \u00f6kar risken f\u00f6r barnet till mellan 10 och 20 procent. Men nio av tio av alla barn som insjuknar har ingen n\u00e4ra sl\u00e4kting med typ 1-diabetes. Cirka 50 000 m\u00e4nniskor i Sverige har sjukdomen.<\/p>\n\n\n\n<p><strong>Orsaker &#8211; symptom<\/strong><\/p>\n\n\n\n<p>Vid typ 1-diabetes har kroppens egen insulinproduktion helt upph\u00f6rt. Av n\u00e5gon ok\u00e4nd anledning angriper och f\u00f6rst\u00f6r kroppens immunsystem de insulinproducerande cellerna i bukspottk\u00f6rteln, vilket p\u00e5 sikt leder till total insulinbrist.<\/p>\n\n\n\n<p>Symptomen visar sig f\u00f6rst n\u00e4r 70-80 procent av de insulinproducerande cellerna f\u00f6rst\u00f6rts. De f\u00f6rsta tecknen brukar vara stora urinm\u00e4ngder, \u00f6kad t\u00f6rst och onormal tr\u00f6tthet, ibland ocks\u00e5 viktnedg\u00e5ng.<\/p>\n\n\n\n<p>De stora urinm\u00e4ngderna beror p\u00e5 att socker uts\u00f6ndras med urinen genom njurarna och att sockret drar med sig vatten. T\u00f6rsten \u00e4r en signal om de stora v\u00e4tskef\u00f6rlusterna med urinen. Tr\u00f6tthet och viktf\u00f6rlust beror p\u00e5 allvarliga st\u00f6rningar i \u00e4mnesoms\u00e4ttningen som ocks\u00e5 beror p\u00e5 insulinbristen.<\/p>\n\n\n\n<p>Varf\u00f6r immunsystemet, som \u00e4r till f\u00f6r att f\u00f6rsvara kroppen mot infektioner, angriper och f\u00f6rst\u00f6r de egna insulinproducerande cellerna, vet man inte. M\u00e5nga forskare menar att det kr\u00e4vs en kombination av dels ett \u00e4rftligt anlag och dels n\u00e5gon yttre milj\u00f6faktor, det spekuleras i om virus eller kemikalier kan fungera som den t\u00e4ndande gnista som startar angreppet. Men det finns inget svar p\u00e5 fr\u00e5gan idag.<\/p>\n\n\n\n<p><strong>Behandling<\/strong><\/p>\n\n\n\n<p>Insulin f\u00f6rst\u00f6rs om det kommer i kontakt med mag- och tarmkanalens safter och det g\u00e5r inte att ta i form av tabletter. Det s\u00e4tt att tillf\u00f6ra insulin till kroppen \u00e4r med hj\u00e4lp i form av injektioner med insulinpenna eller insulinpump. Alla m\u00e4nniskor med typ 1-diabetes behandlas med insulin.<\/p>\n\n\n\n<p><strong>Kostnader<\/strong><\/p>\n\n\n\n<p>Insulin \u00e4r kostnadsfritt f\u00f6r den enskilde, liksom de f\u00f6rbrukningsartiklar (insulinpenna och insulinpump) som beh\u00f6vs f\u00f6r att tillf\u00f6ra kroppen ett l\u00e4kemedel eller som beh\u00f6vs f\u00f6r egenkontroll (blodsockerm\u00e4tare) av medicineringen, om de f\u00f6rskrivits av l\u00e4kare\/diabetessjuksk\u00f6terska\/diskriktssk\u00f6terska p\u00e5 grund av sjukdom.<\/p>\n","protected":false},"excerpt":{"rendered":"<p>Typ 1-diabetes Arvsg\u00e5ngen Arvsg\u00e5ngen vid typ 1-diabetes \u00e4r komplicerad och till stora delar fortfarande ok\u00e4nd. Ett barn till en f\u00f6r\u00e4lder med typ 1-diabetes l\u00f6per mindre \u00e4n fem procents risk att ocks\u00e5 f\u00e5 sjukdomen. Om b\u00e5da f\u00f6r\u00e4ldrarna har typ 1-diabetes \u00f6kar risken f\u00f6r barnet till mellan 10 och 20 procent. Men nio av tio av alla [&hellip;]<\/p>\n","protected":false},"author":1,"featured_media":329,"parent":0,"menu_order":0,"comment_status":"closed","ping_status":"closed","template":"","meta":{"footnotes":""},"categories":[39],"tags":[],"class_list":["post-332","page","type-page","status-publish","has-post-thumbnail","hentry","category-etninen-tausta"],"_links":{"self":[{"href":"https:\/\/hoitopolut.siunsote.fi\/t1d\/wp-json\/wp\/v2\/pages\/332","targetHints":{"allow":["GET"]}}],"collection":[{"href":"https:\/\/hoitopolut.siunsote.fi\/t1d\/wp-json\/wp\/v2\/pages"}],"about":[{"href":"https:\/\/hoitopolut.siunsote.fi\/t1d\/wp-json\/wp\/v2\/types\/page"}],"author":[{"embeddable":true,"href":"https:\/\/hoitopolut.siunsote.fi\/t1d\/wp-json\/wp\/v2\/users\/1"}],"replies":[{"embeddable":true,"href":"https:\/\/hoitopolut.siunsote.fi\/t1d\/wp-json\/wp\/v2\/comments?post=332"}],"version-history":[{"count":2,"href":"https:\/\/hoitopolut.siunsote.fi\/t1d\/wp-json\/wp\/v2\/pages\/332\/revisions"}],"predecessor-version":[{"id":833,"href":"https:\/\/hoitopolut.siunsote.fi\/t1d\/wp-json\/wp\/v2\/pages\/332\/revisions\/833"}],"wp:featuredmedia":[{"embeddable":true,"href":"https:\/\/hoitopolut.siunsote.fi\/t1d\/wp-json\/wp\/v2\/media\/329"}],"wp:attachment":[{"href":"https:\/\/hoitopolut.siunsote.fi\/t1d\/wp-json\/wp\/v2\/media?parent=332"}],"wp:term":[{"taxonomy":"category","embeddable":true,"href":"https:\/\/hoitopolut.siunsote.fi\/t1d\/wp-json\/wp\/v2\/categories?post=332"},{"taxonomy":"post_tag","embeddable":true,"href":"https:\/\/hoitopolut.siunsote.fi\/t1d\/wp-json\/wp\/v2\/tags?post=332"}],"curies":[{"name":"wp","href":"https:\/\/api.w.org\/{rel}","templated":true}]}}