{"id":240,"date":"2019-05-09T12:58:11","date_gmt":"2019-05-09T09:58:11","guid":{"rendered":"https:\/\/hoitopolut.siunsote.fi\/t1d\/?page_id=240"},"modified":"2022-06-09T10:38:37","modified_gmt":"2022-06-09T07:38:37","slug":"milloin-kardiologille","status":"publish","type":"page","link":"https:\/\/hoitopolut.siunsote.fi\/t1d\/milloin-kardiologille\/","title":{"rendered":"Milloin kardiologille"},"content":{"rendered":"\n<h2 class=\"wp-block-heading\">Milloin I tyypin diabeetikko on syyt\u00e4 l\u00e4hett\u00e4\u00e4 kardiologille?<\/h2>\n\n\n\n<ul class=\"wp-block-list\"><li> Ep\u00e4ily sepelvaltimotaudista: rasituksessa tulee rintakipu, hengenahdistus, joka helpottaa levossa tai nitrolla. Jos rintakipu tulee hyvin pieness\u00e4 rasituksessa tai jopa levossa, on harkittava potilaan l\u00e4hett\u00e4mist\u00e4 p\u00e4ivystykseen syd\u00e4ninfarktin poissulkemiseksi <\/li><li> Sivu\u00e4\u00e4ni: Syd\u00e4mest\u00e4 kuuluu Gr. II tai voimakkaampi sivu\u00e4\u00e4ni. Oireettomalla potilaalla Gr. I systolinen sivu\u00e4\u00e4ni ei johda l\u00e4hetteeseen kardiologille, koska diabeetikoilla heikkoja sivu\u00e4\u00e4ni\u00e4 aiheutuu aorttal\u00e4pp\u00e4kuspien j\u00e4ykistymisest\u00e4 ja nousevan aortan ateroskleroosista <\/li><li>Syd\u00e4men vajaatoimintaep\u00e4ily: rasitushengenahdistus, merkitt\u00e4v\u00e4t syd\u00e4nper\u00e4iseksi ep\u00e4illyt turvotukset ja proBNP arvo on viitealueen yl\u00e4puolella tai keuhkokuvassa suurentunut syd\u00e4n tai kohonnut verekkyys<\/li><li>Rytmih\u00e4iri\u00f6t: yleisten periaatteiden mukaisesti. El\u00e4m\u00e4nlaatua h\u00e4iritsev\u00e4 lis\u00e4ly\u00f6ntisyys, kun lis\u00e4ly\u00f6ntej\u00e4 &lt;10000\/vrk holterissa, kun hoitokokeilu b-salpaajalla ei auta. Jos lis\u00e4ly\u00f6ntej\u00e4 on &gt;10000\/vrk, kannattaa potilas l\u00e4hett\u00e4\u00e4 suoraan kardiologille. El\u00e4m\u00e4n laatua h\u00e4iritsev\u00e4 SVT. Eteisv\u00e4rin\u00e4n rytmikontrolliongelmat ja kardioversiota varten<\/li><\/ul>\n","protected":false},"excerpt":{"rendered":"<p>Milloin I tyypin diabeetikko on syyt\u00e4 l\u00e4hett\u00e4\u00e4 kardiologille? Ep\u00e4ily sepelvaltimotaudista: rasituksessa tulee rintakipu, hengenahdistus, joka helpottaa levossa tai nitrolla. Jos rintakipu tulee hyvin pieness\u00e4 rasituksessa tai jopa levossa, on harkittava potilaan l\u00e4hett\u00e4mist\u00e4 p\u00e4ivystykseen syd\u00e4ninfarktin poissulkemiseksi Sivu\u00e4\u00e4ni: Syd\u00e4mest\u00e4 kuuluu Gr. II tai voimakkaampi sivu\u00e4\u00e4ni. Oireettomalla potilaalla Gr. I systolinen sivu\u00e4\u00e4ni ei johda l\u00e4hetteeseen kardiologille, koska diabeetikoilla [&hellip;]<\/p>\n","protected":false},"author":1,"featured_media":238,"parent":0,"menu_order":4,"comment_status":"closed","ping_status":"closed","template":"","meta":{"footnotes":""},"categories":[50,35],"tags":[],"class_list":["post-240","page","type-page","status-publish","has-post-thumbnail","hentry","category-konsultointi","category-pitkaaikaiset-lisasairaudet"],"_links":{"self":[{"href":"https:\/\/hoitopolut.siunsote.fi\/t1d\/wp-json\/wp\/v2\/pages\/240","targetHints":{"allow":["GET"]}}],"collection":[{"href":"https:\/\/hoitopolut.siunsote.fi\/t1d\/wp-json\/wp\/v2\/pages"}],"about":[{"href":"https:\/\/hoitopolut.siunsote.fi\/t1d\/wp-json\/wp\/v2\/types\/page"}],"author":[{"embeddable":true,"href":"https:\/\/hoitopolut.siunsote.fi\/t1d\/wp-json\/wp\/v2\/users\/1"}],"replies":[{"embeddable":true,"href":"https:\/\/hoitopolut.siunsote.fi\/t1d\/wp-json\/wp\/v2\/comments?post=240"}],"version-history":[{"count":4,"href":"https:\/\/hoitopolut.siunsote.fi\/t1d\/wp-json\/wp\/v2\/pages\/240\/revisions"}],"predecessor-version":[{"id":397,"href":"https:\/\/hoitopolut.siunsote.fi\/t1d\/wp-json\/wp\/v2\/pages\/240\/revisions\/397"}],"wp:featuredmedia":[{"embeddable":true,"href":"https:\/\/hoitopolut.siunsote.fi\/t1d\/wp-json\/wp\/v2\/media\/238"}],"wp:attachment":[{"href":"https:\/\/hoitopolut.siunsote.fi\/t1d\/wp-json\/wp\/v2\/media?parent=240"}],"wp:term":[{"taxonomy":"category","embeddable":true,"href":"https:\/\/hoitopolut.siunsote.fi\/t1d\/wp-json\/wp\/v2\/categories?post=240"},{"taxonomy":"post_tag","embeddable":true,"href":"https:\/\/hoitopolut.siunsote.fi\/t1d\/wp-json\/wp\/v2\/tags?post=240"}],"curies":[{"name":"wp","href":"https:\/\/api.w.org\/{rel}","templated":true}]}}