{"id":234,"date":"2019-05-09T12:53:08","date_gmt":"2019-05-09T09:53:08","guid":{"rendered":"https:\/\/hoitopolut.siunsote.fi\/t1d\/?page_id=234"},"modified":"2019-06-14T12:46:17","modified_gmt":"2019-06-14T09:46:17","slug":"silmanpohjaseuranta","status":"publish","type":"page","link":"https:\/\/hoitopolut.siunsote.fi\/t1d\/silmanpohjaseuranta\/","title":{"rendered":"Silm\u00e4npohjaseuranta"},"content":{"rendered":"\n<p>T1 diabeetikon silm\u00e4npohjaseuranta toteutetaan kansallisen suosituksen mukaan<\/p>\n\n\n\n<p>Linkki: <a href=\"https:\/\/www.kaypahoito.fi\/hoi50043\">K\u00e4yp\u00e4 hoito suositus &#8211; Diabeettinen retinopatia<\/a> <\/p>\n\n\n\n<table class=\"wp-block-table\"><tbody><tr><td>Seulottavat ryhm\u00e4t<\/td><td>Seulontav\u00e4li<\/td><td><\/td><\/tr><tr><td>Henkil\u00f6t, joilla tyypin 1 diabetes<\/td><td>Alle 10-vuotiaana sairastuneet<\/td><td>10 vuoden i\u00e4st\u00e4 l\u00e4htien joka toinen vuosi niin kauan kuin l\u00f6yd\u00f6s on normaali. <br>Muutosten toteamisen j\u00e4lkeen vuosittain tai tihe\u00e4mmin<\/td><\/tr><tr><td><\/td><td>Yli 10-vuotiaana sairastuneet<\/td><td>Diagnosointivaiheessa ja sen j\u00e4lkeen joka toinen vuosi niin kauan kuin l\u00f6yd\u00f6s on normaali.<br> Muutosten toteamisen j\u00e4lkeen vuosittain tai tihe\u00e4mmin<\/td><\/tr><\/tbody><\/table>\n","protected":false},"excerpt":{"rendered":"<p>T1 diabeetikon silm\u00e4npohjaseuranta toteutetaan kansallisen suosituksen mukaan Linkki: K\u00e4yp\u00e4 hoito suositus &#8211; Diabeettinen retinopatia Seulottavat ryhm\u00e4t Seulontav\u00e4li Henkil\u00f6t, joilla tyypin 1 diabetes Alle 10-vuotiaana sairastuneet 10 vuoden i\u00e4st\u00e4 l\u00e4htien joka toinen vuosi niin kauan kuin l\u00f6yd\u00f6s on normaali. Muutosten toteamisen j\u00e4lkeen vuosittain tai tihe\u00e4mmin Yli 10-vuotiaana sairastuneet Diagnosointivaiheessa ja sen j\u00e4lkeen joka toinen vuosi niin [&hellip;]<\/p>\n","protected":false},"author":1,"featured_media":235,"parent":0,"menu_order":2,"comment_status":"closed","ping_status":"closed","template":"","meta":{"footnotes":""},"categories":[35],"tags":[],"class_list":["post-234","page","type-page","status-publish","has-post-thumbnail","hentry","category-pitkaaikaiset-lisasairaudet"],"_links":{"self":[{"href":"https:\/\/hoitopolut.siunsote.fi\/t1d\/wp-json\/wp\/v2\/pages\/234","targetHints":{"allow":["GET"]}}],"collection":[{"href":"https:\/\/hoitopolut.siunsote.fi\/t1d\/wp-json\/wp\/v2\/pages"}],"about":[{"href":"https:\/\/hoitopolut.siunsote.fi\/t1d\/wp-json\/wp\/v2\/types\/page"}],"author":[{"embeddable":true,"href":"https:\/\/hoitopolut.siunsote.fi\/t1d\/wp-json\/wp\/v2\/users\/1"}],"replies":[{"embeddable":true,"href":"https:\/\/hoitopolut.siunsote.fi\/t1d\/wp-json\/wp\/v2\/comments?post=234"}],"version-history":[{"count":6,"href":"https:\/\/hoitopolut.siunsote.fi\/t1d\/wp-json\/wp\/v2\/pages\/234\/revisions"}],"predecessor-version":[{"id":453,"href":"https:\/\/hoitopolut.siunsote.fi\/t1d\/wp-json\/wp\/v2\/pages\/234\/revisions\/453"}],"wp:featuredmedia":[{"embeddable":true,"href":"https:\/\/hoitopolut.siunsote.fi\/t1d\/wp-json\/wp\/v2\/media\/235"}],"wp:attachment":[{"href":"https:\/\/hoitopolut.siunsote.fi\/t1d\/wp-json\/wp\/v2\/media?parent=234"}],"wp:term":[{"taxonomy":"category","embeddable":true,"href":"https:\/\/hoitopolut.siunsote.fi\/t1d\/wp-json\/wp\/v2\/categories?post=234"},{"taxonomy":"post_tag","embeddable":true,"href":"https:\/\/hoitopolut.siunsote.fi\/t1d\/wp-json\/wp\/v2\/tags?post=234"}],"curies":[{"name":"wp","href":"https:\/\/api.w.org\/{rel}","templated":true}]}}