{"id":231,"date":"2019-05-09T12:51:03","date_gmt":"2019-05-09T09:51:03","guid":{"rendered":"https:\/\/hoitopolut.siunsote.fi\/t1d\/?page_id=231"},"modified":"2022-06-17T10:23:12","modified_gmt":"2022-06-17T07:23:12","slug":"hoitotavoitteet","status":"publish","type":"page","link":"https:\/\/hoitopolut.siunsote.fi\/t1d\/hoitotavoitteet\/","title":{"rendered":"Hoitotavoitteet"},"content":{"rendered":"\n<h2 class=\"wp-block-heading\"><strong>Diabeteksen hoidon tavoitteet<\/strong><\/h2>\n\n\n\n<figure class=\"wp-block-image\"><img loading=\"lazy\" decoding=\"async\" width=\"571\" height=\"301\" src=\"https:\/\/hoitopolut.siunsote.fi\/t1d\/wp-content\/uploads\/2019\/05\/image-1.png\" alt=\"\" class=\"wp-image-249\"\/><\/figure>\n\n\n\n<p><strong><a href=\"https:\/\/www.terveysportti.fi\/apps\/dtk\/ltk\/article\/hoi50025\/search\/LDL%20tavoitteet\">Diabeetikoiden lipiditavoitteet <\/a><\/strong><\/p>\n\n\n\n<ul class=\"wp-block-list\"><li>LDL-kolesterolipitoisuus on ensisijainen hoidon kohde. Tavoitearvot riippuvat valtimotautien kokonaisriskist\u00e4<\/li><li><em><strong>Erityisen suuren riskin<\/strong>\u00a0<\/em>potilaiden tavoitteena on alle 1,4 mmol\/l:n tai mahdollisimman l\u00e4hell\u00e4 sit\u00e4 oleva LDL-kolesterolipitoisuus. Yksil\u00f6llisesti voidaan pyrki\u00e4 jopa alle 1,0 mmol\/l:n pitoisuuteen. Erityisen suuri riski on<ul><li>potilailla, joilla on sepelvaltimotauti tai muu ateroskleroottinen valtimotauti<\/li><li>potilailla, joilla on tyypin 1 diabetes, johon liittyy kohde-elinvaurio (esim. albuminuria) tai muita merkitt\u00e4vi\u00e4 riskitekij\u00f6it\u00e4 (esim. tupakointi, hypertensio, lihavuus, dyslipidemia, sukurasitus)<\/li><li>tyypin 1 diabetesta sairastavat, joiden taudin kesto on yli 20 vuotta<\/li><li>potilailla, joilla on vaikea krooninen munuaisten vajaatoiminta (laskennallinen glomerulussuodatus eli GFR alle 30 ml\/min\/1,73 m\u00b2) tai<\/li><li>oireettomilla, joilla valtimotaudin riski (riski sairastua syd\u00e4ninfarktiin tai aivohalvaukseen seuraavien 10 vuoden aikana) on <a href=\"https:\/\/www.terveyskirjasto.fi\/pgt00013\">FINRISKI-laskurin<\/a> mukaan v\u00e4hint\u00e4\u00e4n 15 %.<\/li><\/ul><\/li><li><em><strong>Suuren riskin<\/strong>\u00a0<\/em>potilaiden tavoitteena on alle 1,8 mmol\/l:n LDL-kolesterolipitoisuus. Suuren riskin potilaita ovat<ul><li>familiaalista hyperkolesterolemiaa (FH) sairastavat<\/li><li>yli 10 vuotta diabetesta sairastaneet tai jos diabetekseen liittyy yksi merkitt\u00e4v\u00e4 riskitekij\u00e4<\/li><li>keskivaikeaa munuaisten vajaatoimintaa (GFR 30\u201359 ml\/min\/1,73 m\u00b2) sairastavat<\/li><li>oireettomat, joilla valtimotaudin riski on <a href=\"https:\/\/www.terveyskirjasto.fi\/pgt00013\">FINRISKI-laskurin<\/a> mukaan 10\u201314,9 %.<\/li><\/ul><\/li><li><em><strong>Kohtalaisen<\/strong>\u00a0<\/em>(FINRISKI 2\u20139,9 %)<em>\u00a0<strong>riskin<\/strong>\u00a0<\/em>potilaiden LDL-kolesterolipitoisuustavoite on alle 2,6 mmol\/l.<ul><li>Nuoret tyypin 1 (&lt; 35 v) tai tyypin 2 (&lt; 50 v) diabetesta sairastavat, joilla diabeteksen kesto alle 10 vuotta eik\u00e4 muita merkitt\u00e4vi\u00e4 riskitekij\u00f6it\u00e4. Huomattava, ett\u00e4 metabolinen oireyhtym\u00e4 nostaa alle 10 vuotta diabetesta sairastaneen suuren riskin luokkaan.<\/li><\/ul><\/li><li><em><strong>Pienen<\/strong>\u00a0<\/em>(FINRISKI &lt; 2 %)<strong> riskin<\/strong> potilaiden yleinen LDL-kolesterolipitoisuustavoite on alle 3,0 mmol\/l, ja sit\u00e4 tavoitellaan ensisijaisesti el\u00e4m\u00e4ntapamuutoksin.<\/li><li>Plasman suuri triglyseridipitoisuus suurentaa liukuvasti akuutin haimatulehduksen riski\u00e4, joka alkaa jo liev\u00e4sti suurentuneista arvoista. Hypertriglyseridemian hoitoa haimatulehduksen ehk\u00e4isemiseksi pidet\u00e4\u00e4n aiheellisena, kun plasman triglyseridipitoisuus ylitt\u00e4\u00e4 (5\u2013)10 mmol\/l.<\/li><\/ul>\n\n\n\n<p><\/p>\n","protected":false},"excerpt":{"rendered":"<p>Diabeteksen hoidon tavoitteet Diabeetikoiden lipiditavoitteet LDL-kolesterolipitoisuus on ensisijainen hoidon kohde. Tavoitearvot riippuvat valtimotautien kokonaisriskist\u00e4 Erityisen suuren riskin\u00a0potilaiden tavoitteena on alle 1,4 mmol\/l:n tai mahdollisimman l\u00e4hell\u00e4 sit\u00e4 oleva LDL-kolesterolipitoisuus. Yksil\u00f6llisesti voidaan pyrki\u00e4 jopa alle 1,0 mmol\/l:n pitoisuuteen. Erityisen suuri riski on potilailla, joilla on sepelvaltimotauti tai muu ateroskleroottinen valtimotauti potilailla, joilla on tyypin 1 diabetes, johon [&hellip;]<\/p>\n","protected":false},"author":1,"featured_media":232,"parent":0,"menu_order":1,"comment_status":"closed","ping_status":"closed","template":"","meta":{"footnotes":""},"categories":[35],"tags":[],"class_list":["post-231","page","type-page","status-publish","has-post-thumbnail","hentry","category-pitkaaikaiset-lisasairaudet"],"_links":{"self":[{"href":"https:\/\/hoitopolut.siunsote.fi\/t1d\/wp-json\/wp\/v2\/pages\/231","targetHints":{"allow":["GET"]}}],"collection":[{"href":"https:\/\/hoitopolut.siunsote.fi\/t1d\/wp-json\/wp\/v2\/pages"}],"about":[{"href":"https:\/\/hoitopolut.siunsote.fi\/t1d\/wp-json\/wp\/v2\/types\/page"}],"author":[{"embeddable":true,"href":"https:\/\/hoitopolut.siunsote.fi\/t1d\/wp-json\/wp\/v2\/users\/1"}],"replies":[{"embeddable":true,"href":"https:\/\/hoitopolut.siunsote.fi\/t1d\/wp-json\/wp\/v2\/comments?post=231"}],"version-history":[{"count":11,"href":"https:\/\/hoitopolut.siunsote.fi\/t1d\/wp-json\/wp\/v2\/pages\/231\/revisions"}],"predecessor-version":[{"id":826,"href":"https:\/\/hoitopolut.siunsote.fi\/t1d\/wp-json\/wp\/v2\/pages\/231\/revisions\/826"}],"wp:featuredmedia":[{"embeddable":true,"href":"https:\/\/hoitopolut.siunsote.fi\/t1d\/wp-json\/wp\/v2\/media\/232"}],"wp:attachment":[{"href":"https:\/\/hoitopolut.siunsote.fi\/t1d\/wp-json\/wp\/v2\/media?parent=231"}],"wp:term":[{"taxonomy":"category","embeddable":true,"href":"https:\/\/hoitopolut.siunsote.fi\/t1d\/wp-json\/wp\/v2\/categories?post=231"},{"taxonomy":"post_tag","embeddable":true,"href":"https:\/\/hoitopolut.siunsote.fi\/t1d\/wp-json\/wp\/v2\/tags?post=231"}],"curies":[{"name":"wp","href":"https:\/\/api.w.org\/{rel}","templated":true}]}}