{"id":222,"date":"2019-05-09T12:33:47","date_gmt":"2019-05-09T09:33:47","guid":{"rendered":"https:\/\/hoitopolut.siunsote.fi\/t1d\/?page_id=222"},"modified":"2022-06-17T09:57:32","modified_gmt":"2022-06-17T06:57:32","slug":"jalkojen-tutkiminen","status":"publish","type":"page","link":"https:\/\/hoitopolut.siunsote.fi\/t1d\/jalkojen-tutkiminen\/","title":{"rendered":"Jalkojen tutkiminen"},"content":{"rendered":"\n<h2 class=\"wp-block-heading\"><strong>Jalkojen tutkiminen, yleist\u00e4 diabeetikon jalkaongelmista<\/strong><\/h2>\n\n\n\n<ul class=\"wp-block-list\"><li>Diabeetikoilla on suurentunut riski jalkahaavaumiin ja amputaatioihin, liittyen (pitk\u00e4\u00e4n jatkuneen, huonossa hoitotasapainossa olleen) diabeteksen neuropatia- ja vaskulaarikomplikaatioihin<\/li><li>Sen vuoksi t\u00e4rke\u00e4 osa vuositarkastusta on tutkia diabeetikon jalat: verenkierto, hermotus. Jalkojen omaseuranta ohjataan ja muistutetaan seurantak\u00e4ynneill\u00e4. Riskiluokkiin 2-3 kuuluvilta jalat tulee tutkia joka k\u00e4ynnill\u00e4. <\/li><li> Tutkiminen ks linkki <a href=\"https:\/\/siunsote.sharepoint.com\/:p:\/r\/sites\/Tiedostopankki\/Tiedostopankki\/Siunoste_SIS_TYOOHJE_T1%20_diabeetikon_vuosikontrolli.pptx?d=wf61d3a676e71489eb9cea2977920ab4f&amp;csf=1&amp;web=1&amp;e=KUe4pw\">T1 diabeetikon vuosikontrolli <\/a>Riskiluokan arviointi ja kirjaaminen, \u00a0Monofilamenttitutkimus. <\/li><\/ul>\n\n\n\n<p><\/p>\n\n\n\n<p><\/p>\n","protected":false},"excerpt":{"rendered":"<p>Jalkojen tutkiminen, yleist\u00e4 diabeetikon jalkaongelmista Diabeetikoilla on suurentunut riski jalkahaavaumiin ja amputaatioihin, liittyen (pitk\u00e4\u00e4n jatkuneen, huonossa hoitotasapainossa olleen) diabeteksen neuropatia- ja vaskulaarikomplikaatioihin Sen vuoksi t\u00e4rke\u00e4 osa vuositarkastusta on tutkia diabeetikon jalat: verenkierto, hermotus. Jalkojen omaseuranta ohjataan ja muistutetaan seurantak\u00e4ynneill\u00e4. Riskiluokkiin 2-3 kuuluvilta jalat tulee tutkia joka k\u00e4ynnill\u00e4. Tutkiminen ks linkki T1 diabeetikon vuosikontrolli Riskiluokan arviointi [&hellip;]<\/p>\n","protected":false},"author":1,"featured_media":223,"parent":0,"menu_order":1,"comment_status":"closed","ping_status":"closed","template":"","meta":{"footnotes":""},"categories":[34],"tags":[],"class_list":["post-222","page","type-page","status-publish","has-post-thumbnail","hentry","category-diabeettiset-jalkaongelmat"],"_links":{"self":[{"href":"https:\/\/hoitopolut.siunsote.fi\/t1d\/wp-json\/wp\/v2\/pages\/222","targetHints":{"allow":["GET"]}}],"collection":[{"href":"https:\/\/hoitopolut.siunsote.fi\/t1d\/wp-json\/wp\/v2\/pages"}],"about":[{"href":"https:\/\/hoitopolut.siunsote.fi\/t1d\/wp-json\/wp\/v2\/types\/page"}],"author":[{"embeddable":true,"href":"https:\/\/hoitopolut.siunsote.fi\/t1d\/wp-json\/wp\/v2\/users\/1"}],"replies":[{"embeddable":true,"href":"https:\/\/hoitopolut.siunsote.fi\/t1d\/wp-json\/wp\/v2\/comments?post=222"}],"version-history":[{"count":10,"href":"https:\/\/hoitopolut.siunsote.fi\/t1d\/wp-json\/wp\/v2\/pages\/222\/revisions"}],"predecessor-version":[{"id":821,"href":"https:\/\/hoitopolut.siunsote.fi\/t1d\/wp-json\/wp\/v2\/pages\/222\/revisions\/821"}],"wp:featuredmedia":[{"embeddable":true,"href":"https:\/\/hoitopolut.siunsote.fi\/t1d\/wp-json\/wp\/v2\/media\/223"}],"wp:attachment":[{"href":"https:\/\/hoitopolut.siunsote.fi\/t1d\/wp-json\/wp\/v2\/media?parent=222"}],"wp:term":[{"taxonomy":"category","embeddable":true,"href":"https:\/\/hoitopolut.siunsote.fi\/t1d\/wp-json\/wp\/v2\/categories?post=222"},{"taxonomy":"post_tag","embeddable":true,"href":"https:\/\/hoitopolut.siunsote.fi\/t1d\/wp-json\/wp\/v2\/tags?post=222"}],"curies":[{"name":"wp","href":"https:\/\/api.w.org\/{rel}","templated":true}]}}