{"id":216,"date":"2019-05-09T11:53:07","date_gmt":"2019-05-09T08:53:07","guid":{"rendered":"https:\/\/hoitopolut.siunsote.fi\/t1d\/?page_id=216"},"modified":"2022-06-09T10:35:54","modified_gmt":"2022-06-09T07:35:54","slug":"diabeetikon-sosiaaliturva","status":"publish","type":"page","link":"https:\/\/hoitopolut.siunsote.fi\/t1d\/diabeetikon-sosiaaliturva\/","title":{"rendered":"Diabeetikon sosiaaliturva"},"content":{"rendered":"\n<h2 class=\"wp-block-heading\"><strong>Erikoissairaanhoidon sosiaality\u00f6ntekij\u00e4<\/strong><\/h2>\n\n\n\n<p>Sosiaality\u00f6ntekij\u00e4 tapaa diabeetikoita tarvittaessa osastolla tai diabetespoliklinikalla. Asioita voidaan hoitaa my\u00f6s puhelimitse. <strong>Sosiaality\u00f6ntekij\u00e4lle l\u00e4hetet\u00e4\u00e4n ty\u00f6viesti ja lyhyt saate.<\/strong><\/p>\n\n\n\n<p>Tuoreelle tyypin 1 diabeetikolle annetaan diabeetikon <strong>Diabetesliiton sosiaaliturvaesite kirjanen<\/strong>. Sen sis\u00e4lt\u00f6\u00e4 k\u00e4yd\u00e4\u00e4n potilaan kanssa l\u00e4pi tarpeen mukaan: verotus, maininta hoitotarvikejakelusta ja diabetesliitosta\/alueellisista diabetesyhdistyksist\u00e4.&nbsp; Sosiaality\u00f6ntekij\u00e4 hoitaa tarvittaessa my\u00f6s toimeentuloasioita tai muita el\u00e4m\u00e4n hallintaan liittyvi\u00e4 ongelmia. <\/p>\n\n\n\n<p>S\u00e4hk\u00f6inen diabeetikon sosiaaliturvaopas on saatavilla <a href=\"https:\/\/www.diabetes.fi\/\">diabetesliiton sivulta<\/a>.<\/p>\n\n\n\n<p><a href=\"https:\/\/www.siunsote.fi\/sosiaalipaivystys\">Sosiaalip\u00e4ivystys <\/a>auttaa sosiaalihuollon kriisitilanteissa p\u00e4\u00e4asiassa iltaisin ja viikonloppuisin. Arkisin sosiaalihuollon&nbsp;palvelut on saatavissa ensisijaisesti oman asuinalueen <a href=\"https:\/\/www.siunsote.fi\/tyoikaisten-sosiaalipalvelut\">perhe- ja sosiaalipalveluista<\/a> tai <a href=\"https:\/\/www.siunsote.fi\/web\/guest\/sosiaalityo\">ik\u00e4ihmisten palveluista<\/a>.<\/p>\n\n\n\n<p><\/p>\n\n\n\n<h2 class=\"wp-block-heading\">Linkkej\u00e4<\/h2>\n\n\n\n<h3 class=\"wp-block-heading\">Kuntoutus<\/h3>\n\n\n\n<p><a href=\"https:\/\/www.kela.fi\/kuntoutus-ja-sopeutumisvalmennuskurssit\">Kelan kurssit<\/a><\/p>\n\n\n\n<p><a href=\"https:\/\/www.diabetes.fi\/kurssit\">Diabetesliiton kurssit<\/a><\/p>\n\n\n\n<h3 class=\"wp-block-heading\">Diabetesyhdistykset<\/h3>\n\n\n\n<p><a href=\"https:\/\/www.joensuundiabetes.fi\/\">Joensuun Seudun Diabetes ry<\/a><\/p>\n\n\n\n<p><a href=\"https:\/\/www.diabetes.fi\/\">Diabetesliitto<\/a><\/p>\n\n\n\n<p><a href=\"https:\/\/www.terveyskyla.fi\/diabetestalo\">Diabetestalo<\/a><\/p>\n","protected":false},"excerpt":{"rendered":"<p>Erikoissairaanhoidon sosiaality\u00f6ntekij\u00e4 Sosiaality\u00f6ntekij\u00e4 tapaa diabeetikoita tarvittaessa osastolla tai diabetespoliklinikalla. Asioita voidaan hoitaa my\u00f6s puhelimitse. Sosiaality\u00f6ntekij\u00e4lle l\u00e4hetet\u00e4\u00e4n ty\u00f6viesti ja lyhyt saate. Tuoreelle tyypin 1 diabeetikolle annetaan diabeetikon Diabetesliiton sosiaaliturvaesite kirjanen. Sen sis\u00e4lt\u00f6\u00e4 k\u00e4yd\u00e4\u00e4n potilaan kanssa l\u00e4pi tarpeen mukaan: verotus, maininta hoitotarvikejakelusta ja diabetesliitosta\/alueellisista diabetesyhdistyksist\u00e4.&nbsp; Sosiaality\u00f6ntekij\u00e4 hoitaa tarvittaessa my\u00f6s toimeentuloasioita tai muita el\u00e4m\u00e4n hallintaan liittyvi\u00e4 ongelmia. S\u00e4hk\u00f6inen [&hellip;]<\/p>\n","protected":false},"author":1,"featured_media":88,"parent":0,"menu_order":3,"comment_status":"closed","ping_status":"closed","template":"","meta":{"footnotes":""},"categories":[83,84],"tags":[],"class_list":["post-216","page","type-page","status-publish","has-post-thumbnail","hentry","category-monipistoshoito","category-tuore-t1-diabetes"],"_links":{"self":[{"href":"https:\/\/hoitopolut.siunsote.fi\/t1d\/wp-json\/wp\/v2\/pages\/216","targetHints":{"allow":["GET"]}}],"collection":[{"href":"https:\/\/hoitopolut.siunsote.fi\/t1d\/wp-json\/wp\/v2\/pages"}],"about":[{"href":"https:\/\/hoitopolut.siunsote.fi\/t1d\/wp-json\/wp\/v2\/types\/page"}],"author":[{"embeddable":true,"href":"https:\/\/hoitopolut.siunsote.fi\/t1d\/wp-json\/wp\/v2\/users\/1"}],"replies":[{"embeddable":true,"href":"https:\/\/hoitopolut.siunsote.fi\/t1d\/wp-json\/wp\/v2\/comments?post=216"}],"version-history":[{"count":7,"href":"https:\/\/hoitopolut.siunsote.fi\/t1d\/wp-json\/wp\/v2\/pages\/216\/revisions"}],"predecessor-version":[{"id":790,"href":"https:\/\/hoitopolut.siunsote.fi\/t1d\/wp-json\/wp\/v2\/pages\/216\/revisions\/790"}],"wp:featuredmedia":[{"embeddable":true,"href":"https:\/\/hoitopolut.siunsote.fi\/t1d\/wp-json\/wp\/v2\/media\/88"}],"wp:attachment":[{"href":"https:\/\/hoitopolut.siunsote.fi\/t1d\/wp-json\/wp\/v2\/media?parent=216"}],"wp:term":[{"taxonomy":"category","embeddable":true,"href":"https:\/\/hoitopolut.siunsote.fi\/t1d\/wp-json\/wp\/v2\/categories?post=216"},{"taxonomy":"post_tag","embeddable":true,"href":"https:\/\/hoitopolut.siunsote.fi\/t1d\/wp-json\/wp\/v2\/tags?post=216"}],"curies":[{"name":"wp","href":"https:\/\/api.w.org\/{rel}","templated":true}]}}