{"id":213,"date":"2019-05-09T11:50:07","date_gmt":"2019-05-09T08:50:07","guid":{"rendered":"https:\/\/hoitopolut.siunsote.fi\/t1d\/?page_id=213"},"modified":"2022-06-09T10:35:30","modified_gmt":"2022-06-09T07:35:30","slug":"diabeetikon-psykososiaalinen-tuki","status":"publish","type":"page","link":"https:\/\/hoitopolut.siunsote.fi\/t1d\/diabeetikon-psykososiaalinen-tuki\/","title":{"rendered":"Diabeetikon psykososiaalinen tuki"},"content":{"rendered":"\n<h2 class=\"wp-block-heading\"><strong>Psykososiaalinen tuki erikoissairaanhoidossa<\/strong><\/h2>\n\n\n\n<p>Moniammatillinen tiimi ja kaikki ty\u00f6ntekij\u00e4t hoitavat diabeetikkoja, joten konsultaatiopyynn\u00f6t voi tehd\u00e4 entiseen malliin yleispsykiatrialle. Tiimi k\u00e4sittelee pyynn\u00f6t ja katsoo kuka ottaa ko. potilaan vastaan.<\/p>\n\n\n\n<p>Psykologi hoitaa <strong>normaalisti konsultaationa tai l\u00e4hetteell\u00e4 tulevia potilaita.&nbsp; <\/strong>Erikseen h\u00e4n ei pth:n potilaita hoida, vaan potilaalla tulee olla kytk\u00f6s (hoitosuhde) talon jollekin poliklinikalle\/osastolle.<\/p>\n\n\n\n<h2 class=\"wp-block-heading\"><strong>Psykososiaalinen tuki perusterveydenhuollossa<\/strong><\/h2>\n\n\n\n<p>Jokaisessa Siun soten alueen kunnassa on mielenterveys- ja p\u00e4ihdepalveluja tarjoava yksikk\u00f6. Yksikk\u00f6 tarjoaa mielenterveyden avohoidon palveluja yli 18-vuotiaille kuntalaisille. Psykiatrinen avohoito on asiakkaalle maksutonta. Psykologin vastaanotolle mahdollisuus vain psykiatrisen sairaanhoitajan kautta.<\/p>\n\n\n\n<p>Asiakkaalle ohjaus <a href=\"https:\/\/www.mielenterveystalo.fi\/\">mielenterveystalo.fi<\/a><\/p>\n\n\n\n<p><strong>Mielenterveys- ja p\u00e4ihdepalvelujen maakunnallinen hoitokoordinaattori<\/strong><br>Puh.&nbsp;013 330 2145<br>Ma\u2013pe klo 8\u201315.45<\/p>\n\n\n\n<p><strong>P\u00e4ivyst\u00e4v\u00e4 p\u00e4ihdesairaanhoitaja<\/strong> on tavattavissa ilman ajanvarausta joka p\u00e4iv\u00e4 klo 8-16 Pohjois-Karjalan keskussairaalan yhteisp\u00e4ivystyksess\u00e4, Tikkam\u00e4entie 16, 80210 Joensuu. <br>P\u00e4ivystysapu puh. &nbsp;116117<\/p>\n\n\n\n<p><strong>Aikuispsykiatrian tehostettu avohoito<\/strong><br>Puh. 013- &nbsp;330 2132&nbsp; Arkisin klo 8-21, viikonloppuisin ja pyh\u00e4p\u00e4ivin\u00e4 klo 13-15.<\/p>\n","protected":false},"excerpt":{"rendered":"<p>Psykososiaalinen tuki erikoissairaanhoidossa Moniammatillinen tiimi ja kaikki ty\u00f6ntekij\u00e4t hoitavat diabeetikkoja, joten konsultaatiopyynn\u00f6t voi tehd\u00e4 entiseen malliin yleispsykiatrialle. Tiimi k\u00e4sittelee pyynn\u00f6t ja katsoo kuka ottaa ko. potilaan vastaan. Psykologi hoitaa normaalisti konsultaationa tai l\u00e4hetteell\u00e4 tulevia potilaita.&nbsp; Erikseen h\u00e4n ei pth:n potilaita hoida, vaan potilaalla tulee olla kytk\u00f6s (hoitosuhde) talon jollekin poliklinikalle\/osastolle. Psykososiaalinen tuki perusterveydenhuollossa Jokaisessa Siun [&hellip;]<\/p>\n","protected":false},"author":1,"featured_media":214,"parent":0,"menu_order":2,"comment_status":"closed","ping_status":"closed","template":"","meta":{"footnotes":""},"categories":[83,84],"tags":[],"class_list":["post-213","page","type-page","status-publish","has-post-thumbnail","hentry","category-monipistoshoito","category-tuore-t1-diabetes"],"_links":{"self":[{"href":"https:\/\/hoitopolut.siunsote.fi\/t1d\/wp-json\/wp\/v2\/pages\/213","targetHints":{"allow":["GET"]}}],"collection":[{"href":"https:\/\/hoitopolut.siunsote.fi\/t1d\/wp-json\/wp\/v2\/pages"}],"about":[{"href":"https:\/\/hoitopolut.siunsote.fi\/t1d\/wp-json\/wp\/v2\/types\/page"}],"author":[{"embeddable":true,"href":"https:\/\/hoitopolut.siunsote.fi\/t1d\/wp-json\/wp\/v2\/users\/1"}],"replies":[{"embeddable":true,"href":"https:\/\/hoitopolut.siunsote.fi\/t1d\/wp-json\/wp\/v2\/comments?post=213"}],"version-history":[{"count":5,"href":"https:\/\/hoitopolut.siunsote.fi\/t1d\/wp-json\/wp\/v2\/pages\/213\/revisions"}],"predecessor-version":[{"id":791,"href":"https:\/\/hoitopolut.siunsote.fi\/t1d\/wp-json\/wp\/v2\/pages\/213\/revisions\/791"}],"wp:featuredmedia":[{"embeddable":true,"href":"https:\/\/hoitopolut.siunsote.fi\/t1d\/wp-json\/wp\/v2\/media\/214"}],"wp:attachment":[{"href":"https:\/\/hoitopolut.siunsote.fi\/t1d\/wp-json\/wp\/v2\/media?parent=213"}],"wp:term":[{"taxonomy":"category","embeddable":true,"href":"https:\/\/hoitopolut.siunsote.fi\/t1d\/wp-json\/wp\/v2\/categories?post=213"},{"taxonomy":"post_tag","embeddable":true,"href":"https:\/\/hoitopolut.siunsote.fi\/t1d\/wp-json\/wp\/v2\/tags?post=213"}],"curies":[{"name":"wp","href":"https:\/\/api.w.org\/{rel}","templated":true}]}}