{"id":198,"date":"2019-05-09T09:06:29","date_gmt":"2019-05-09T06:06:29","guid":{"rendered":"https:\/\/hoitopolut.siunsote.fi\/t1d\/?page_id=198"},"modified":"2019-05-13T10:39:55","modified_gmt":"2019-05-13T07:39:55","slug":"alkoholi-tupakka-ja-paihteet","status":"publish","type":"page","link":"https:\/\/hoitopolut.siunsote.fi\/t1d\/alkoholi-tupakka-ja-paihteet\/","title":{"rendered":"Alkoholi, tupakka ja p\u00e4ihteet"},"content":{"rendered":"\n<p>Mielenterveys- ja p\u00e4ihdepalvelujen<br><strong>maakunnallinen hoitokoordinaattori<\/strong><br>Puh. 013 330 2145<br>Ma\u2013pe klo 8\u201315.45<\/p>\n\n\n\n<p>P\u00e4ivyst\u00e4v\u00e4 sairaanhoitaja Pohjois-Karjalan keskussairaalan yhteisp\u00e4ivystys, Tikkam\u00e4entie 16, 80210 Joensuu, ilman ajanvarausta p\u00e4ivitt\u00e4in klo 8-16.  <\/p>\n\n\n\n<p>Yhteisp\u00e4ivystyksen puh. 013 &#8211; 3302121 <\/p>\n\n\n\n<p><br><\/p>\n","protected":false},"excerpt":{"rendered":"<p>Mielenterveys- ja p\u00e4ihdepalvelujenmaakunnallinen hoitokoordinaattoriPuh. 013 330 2145Ma\u2013pe klo 8\u201315.45 P\u00e4ivyst\u00e4v\u00e4 sairaanhoitaja Pohjois-Karjalan keskussairaalan yhteisp\u00e4ivystys, Tikkam\u00e4entie 16, 80210 Joensuu, ilman ajanvarausta p\u00e4ivitt\u00e4in klo 8-16. Yhteisp\u00e4ivystyksen puh. 013 &#8211; 3302121<\/p>\n","protected":false},"author":1,"featured_media":199,"parent":0,"menu_order":0,"comment_status":"closed","ping_status":"closed","template":"","meta":{"footnotes":""},"categories":[20],"tags":[],"class_list":["post-198","page","type-page","status-publish","has-post-thumbnail","hentry","category-erityistilanteet"],"_links":{"self":[{"href":"https:\/\/hoitopolut.siunsote.fi\/t1d\/wp-json\/wp\/v2\/pages\/198","targetHints":{"allow":["GET"]}}],"collection":[{"href":"https:\/\/hoitopolut.siunsote.fi\/t1d\/wp-json\/wp\/v2\/pages"}],"about":[{"href":"https:\/\/hoitopolut.siunsote.fi\/t1d\/wp-json\/wp\/v2\/types\/page"}],"author":[{"embeddable":true,"href":"https:\/\/hoitopolut.siunsote.fi\/t1d\/wp-json\/wp\/v2\/users\/1"}],"replies":[{"embeddable":true,"href":"https:\/\/hoitopolut.siunsote.fi\/t1d\/wp-json\/wp\/v2\/comments?post=198"}],"version-history":[{"count":2,"href":"https:\/\/hoitopolut.siunsote.fi\/t1d\/wp-json\/wp\/v2\/pages\/198\/revisions"}],"predecessor-version":[{"id":285,"href":"https:\/\/hoitopolut.siunsote.fi\/t1d\/wp-json\/wp\/v2\/pages\/198\/revisions\/285"}],"wp:featuredmedia":[{"embeddable":true,"href":"https:\/\/hoitopolut.siunsote.fi\/t1d\/wp-json\/wp\/v2\/media\/199"}],"wp:attachment":[{"href":"https:\/\/hoitopolut.siunsote.fi\/t1d\/wp-json\/wp\/v2\/media?parent=198"}],"wp:term":[{"taxonomy":"category","embeddable":true,"href":"https:\/\/hoitopolut.siunsote.fi\/t1d\/wp-json\/wp\/v2\/categories?post=198"},{"taxonomy":"post_tag","embeddable":true,"href":"https:\/\/hoitopolut.siunsote.fi\/t1d\/wp-json\/wp\/v2\/tags?post=198"}],"curies":[{"name":"wp","href":"https:\/\/api.w.org\/{rel}","templated":true}]}}