{"id":177,"date":"2019-05-09T08:51:03","date_gmt":"2019-05-09T05:51:03","guid":{"rendered":"https:\/\/hoitopolut.siunsote.fi\/t1d\/?page_id=177"},"modified":"2021-10-01T09:35:13","modified_gmt":"2021-10-01T06:35:13","slug":"etninen-tausta","status":"publish","type":"page","link":"https:\/\/hoitopolut.siunsote.fi\/t1d\/etninen-tausta\/","title":{"rendered":"Etninen tausta"},"content":{"rendered":"\n<h2 class=\"wp-block-heading\">Tulkkauspalvelut<\/h2>\n\n\n\n<p>Siunsoten ohjeistus vv: 1.4.2018 -31.3.2021 l\u00f6ytyy Siunsoten intrasta uusi yleisesittely, Tulkkauspalvelut<\/p>\n\n\n\n<p>Linkki: <a href=\"https:\/\/siunsote.sharepoint.com\/sites\/Tiedostopankki\/Tiedostopankki\/Forms\/AllItems.aspx?id=%2Fsites%2FTiedostopankki%2FTiedostopankki%2FSiunsote%5FHALO%2DOHJE%5FTulkkauspalvelut%5Fyleisesittely%5Fhankintaohje%5F09%5F03%5F2021%2Epdf&amp;parent=%2Fsites%2FTiedostopankki%2FTiedostopankki\">Hankintaohje: Tulkkauspalvelut<\/a><\/p>\n\n\n\n<h2 class=\"wp-block-heading\"><strong>L\u00e4\u00e4kefirmojen erikielisi\u00e4 potilasohjeita insuliinivalmisteista<\/strong><\/h2>\n\n\n\n<p>Novo Nordiskin ohjeita voi tilata oheisella tilauslomakkeella <\/p>\n\n\n\n<ul class=\"wp-block-list\"><li>Linkki: <a href=\"https:\/\/hoitopolut.siunsote.fi\/t1d\/wp-content\/uploads\/2019\/05\/Materiaalien_tilauslomake.xlsx\">Tilauslomake (Excel)<\/a><\/li><\/ul>\n\n\n\n<p>tai, voi tilata s\u00e4hk\u00f6isen\u00e4:<\/p>\n\n\n\n<p><strong>Krista\n\u00d6sterholm<\/strong><br>\nMarketing Coordinator<br>\nNovo Nordisk Farma Oy<br>\nBertel Jungin aukio 5<br>\n02600 Espoo<br>\nFinland<br>\n+358 (0)207 625 300 (phone)<br>\n+358408433388 (mobile)<br>\n<a href=\"mailto:ktoh@novonordisk.com\">ktoh@novonordisk.com<\/a><\/p>\n\n\n\n<ul class=\"wp-block-list\"><li>Sanofin insuliinivalmisteista l\u00f6ytyy englannin ja ruotsin kielisi\u00e4 potilasoppaita l\u00f6ytyy diabetesel\u00e4m\u00e4\u00e4 sivustolta, jonne on kirjauduttava.<\/li><li>Eli Lillyn vieraskielisi\u00e4 ohjeita ei ole saatavilla<\/li><\/ul>\n\n\n\n<h2 class=\"wp-block-heading\"> Eri kieliset ohjeistukset<\/h2>\n\n\n\n<p>Norjan Diabetesliiton maksuttomat maahanmuuttaja-aineistot ovat tarjolla. Sielt\u00e4 l\u00f6ytyy erilaisia esitteit\u00e4, faktalehtisi\u00e4 ja my\u00f6s videoita useilla kielill\u00e4. <\/p>\n\n\n\n<ul class=\"wp-block-list\"><li>Oheinen linkki: <a rel=\"noreferrer noopener\" href=\"https:\/\/www.diabetes.no\/om-diabetes\/innvandrere\/\" target=\"_blank\">https:\/\/www.diabetes.no\/om-diabetes\/innvandrere\/<\/a><\/li><\/ul>\n","protected":false},"excerpt":{"rendered":"<p>Tulkkauspalvelut Siunsoten ohjeistus vv: 1.4.2018 -31.3.2021 l\u00f6ytyy Siunsoten intrasta uusi yleisesittely, Tulkkauspalvelut Linkki: Hankintaohje: Tulkkauspalvelut L\u00e4\u00e4kefirmojen erikielisi\u00e4 potilasohjeita insuliinivalmisteista Novo Nordiskin ohjeita voi tilata oheisella tilauslomakkeella Linkki: Tilauslomake (Excel) tai, voi tilata s\u00e4hk\u00f6isen\u00e4: Krista \u00d6sterholm Marketing Coordinator Novo Nordisk Farma Oy Bertel Jungin aukio 5 02600 Espoo Finland +358 (0)207 625 300 (phone) +358408433388 (mobile) [&hellip;]<\/p>\n","protected":false},"author":1,"featured_media":178,"parent":0,"menu_order":4,"comment_status":"closed","ping_status":"closed","template":"","meta":{"footnotes":""},"categories":[19],"tags":[],"class_list":["post-177","page","type-page","status-publish","has-post-thumbnail","hentry","category-erityisryhmat"],"_links":{"self":[{"href":"https:\/\/hoitopolut.siunsote.fi\/t1d\/wp-json\/wp\/v2\/pages\/177","targetHints":{"allow":["GET"]}}],"collection":[{"href":"https:\/\/hoitopolut.siunsote.fi\/t1d\/wp-json\/wp\/v2\/pages"}],"about":[{"href":"https:\/\/hoitopolut.siunsote.fi\/t1d\/wp-json\/wp\/v2\/types\/page"}],"author":[{"embeddable":true,"href":"https:\/\/hoitopolut.siunsote.fi\/t1d\/wp-json\/wp\/v2\/users\/1"}],"replies":[{"embeddable":true,"href":"https:\/\/hoitopolut.siunsote.fi\/t1d\/wp-json\/wp\/v2\/comments?post=177"}],"version-history":[{"count":4,"href":"https:\/\/hoitopolut.siunsote.fi\/t1d\/wp-json\/wp\/v2\/pages\/177\/revisions"}],"predecessor-version":[{"id":673,"href":"https:\/\/hoitopolut.siunsote.fi\/t1d\/wp-json\/wp\/v2\/pages\/177\/revisions\/673"}],"wp:featuredmedia":[{"embeddable":true,"href":"https:\/\/hoitopolut.siunsote.fi\/t1d\/wp-json\/wp\/v2\/media\/178"}],"wp:attachment":[{"href":"https:\/\/hoitopolut.siunsote.fi\/t1d\/wp-json\/wp\/v2\/media?parent=177"}],"wp:term":[{"taxonomy":"category","embeddable":true,"href":"https:\/\/hoitopolut.siunsote.fi\/t1d\/wp-json\/wp\/v2\/categories?post=177"},{"taxonomy":"post_tag","embeddable":true,"href":"https:\/\/hoitopolut.siunsote.fi\/t1d\/wp-json\/wp\/v2\/tags?post=177"}],"curies":[{"name":"wp","href":"https:\/\/api.w.org\/{rel}","templated":true}]}}