{"id":149,"date":"2019-05-08T15:51:45","date_gmt":"2019-05-08T12:51:45","guid":{"rendered":"https:\/\/hoitopolut.siunsote.fi\/t1d\/?page_id=149"},"modified":"2019-06-14T12:42:03","modified_gmt":"2019-06-14T09:42:03","slug":"sairauspaivakorjaukset-osastolla","status":"publish","type":"page","link":"https:\/\/hoitopolut.siunsote.fi\/t1d\/sairauspaivakorjaukset-osastolla\/","title":{"rendered":"Sairausp\u00e4iv\u00e4korjaukset osastolla"},"content":{"rendered":"\n<h2 class=\"wp-block-heading\">Hyperglykemian hoito TK-osastoilla (Sairausp\u00e4iv\u00e4korjaus)<\/h2>\n\n\n\n<p>Insuliinihoitoiselta diabeetikolta m\u00e4\u00e4ritet\u00e4\u00e4n plasman sokeri ennen aterioita (30min) ja tarvittaessa y\u00f6ll\u00e4. Potilaiden insuliiniannokset ovat l\u00e4\u00e4k\u00e4rin m\u00e4\u00e4r\u00e4yksen mukaiset. Jos l\u00e4\u00e4k\u00e4ri m\u00e4\u00e4r\u00e4\u00e4 sairasp\u00e4iv\u00e4korjaukset, toimitaan seuraavasti:<\/p>\n\n\n\n<ul class=\"wp-block-list\"><li>Ylim\u00e4\u00e4r\u00e4isen insuliinin k\u00e4yt\u00f6st\u00e4 ja k\u00e4yt\u00f6n lopettamisesta m\u00e4\u00e4r\u00e4\u00e4 l\u00e4\u00e4k\u00e4ri. Plasman sokerin seurantakaavakkeeseen merkit\u00e4\u00e4n SP (=sairasp\u00e4iv\u00e4).<\/li><li>Ohjetta voidaan k\u00e4ytt\u00e4\u00e4 my\u00f6s tabletti tai dieettihoitoisilla diabeetikoilla tilap\u00e4isesti korkeiden verensokereiden hoitamiseksi. <\/li><li><strong>Ylim\u00e4\u00e4r\u00e4ist\u00e4 insuliinia annostellaan 1 yks\/ gluk 2 mmol\/l &nbsp;joka ylitt\u00e4\u00e4 tavoitetason<\/strong>. L\u00e4\u00e4k\u00e4ri m\u00e4\u00e4r\u00e4\u00e4 yksil\u00f6llisesti kullekin potilaalle verensokerin tavoitetason mink\u00e4 j\u00e4lkeen aloitetaan ylim\u00e4\u00e4r\u00e4isen insuliinin antaminen.<\/li><\/ul>\n\n\n\n<p>Esimerkki: Sairasp\u00e4iv\u00e4korjaus \u2013 insuliinin annosteluohje plasman sokerim\u00e4\u00e4rityksen perusteella kun korjausannosten gluk-tasoksi sovittu&nbsp; &gt; 10 mml\/l<\/p>\n\n\n\n<table class=\"wp-block-table\" border=\"1\"><tbody><tr><td>Plasman sokeri mmol\/l<\/td><td>Ylim\u00e4\u00e4r\u00e4inen <br> insuliiniannos<\/td><td>Jos veren ketoaineet &gt; 3mmol\/l, ylim\u00e4\u00e4r\u00e4inen insuliiniannos<\/td><\/tr><tr><td>10-14<\/td><td>2<\/td><td>4<\/td><\/tr><tr><td>14-18<\/td><td>4<\/td><td>8<\/td><\/tr><tr><td>18-22<\/td><td>6<\/td><td>12<\/td><\/tr><tr><td>22-26<\/td><td>8<\/td><td>16<\/td><\/tr><tr><td>yli 26<\/td><td>9<\/td><td>18<\/td><\/tr><\/tbody><\/table>\n","protected":false},"excerpt":{"rendered":"<p>Hyperglykemian hoito TK-osastoilla (Sairausp\u00e4iv\u00e4korjaus) Insuliinihoitoiselta diabeetikolta m\u00e4\u00e4ritet\u00e4\u00e4n plasman sokeri ennen aterioita (30min) ja tarvittaessa y\u00f6ll\u00e4. Potilaiden insuliiniannokset ovat l\u00e4\u00e4k\u00e4rin m\u00e4\u00e4r\u00e4yksen mukaiset. Jos l\u00e4\u00e4k\u00e4ri m\u00e4\u00e4r\u00e4\u00e4 sairasp\u00e4iv\u00e4korjaukset, toimitaan seuraavasti: Ylim\u00e4\u00e4r\u00e4isen insuliinin k\u00e4yt\u00f6st\u00e4 ja k\u00e4yt\u00f6n lopettamisesta m\u00e4\u00e4r\u00e4\u00e4 l\u00e4\u00e4k\u00e4ri. Plasman sokerin seurantakaavakkeeseen merkit\u00e4\u00e4n SP (=sairasp\u00e4iv\u00e4). Ohjetta voidaan k\u00e4ytt\u00e4\u00e4 my\u00f6s tabletti tai dieettihoitoisilla diabeetikoilla tilap\u00e4isesti korkeiden verensokereiden hoitamiseksi. Ylim\u00e4\u00e4r\u00e4ist\u00e4 insuliinia [&hellip;]<\/p>\n","protected":false},"author":1,"featured_media":247,"parent":0,"menu_order":4,"comment_status":"closed","ping_status":"closed","template":"","meta":{"footnotes":""},"categories":[17],"tags":[],"class_list":["post-149","page","type-page","status-publish","has-post-thumbnail","hentry","category-diabeetikko-tk-sairaalassa-ja-kotihoidossa"],"_links":{"self":[{"href":"https:\/\/hoitopolut.siunsote.fi\/t1d\/wp-json\/wp\/v2\/pages\/149","targetHints":{"allow":["GET"]}}],"collection":[{"href":"https:\/\/hoitopolut.siunsote.fi\/t1d\/wp-json\/wp\/v2\/pages"}],"about":[{"href":"https:\/\/hoitopolut.siunsote.fi\/t1d\/wp-json\/wp\/v2\/types\/page"}],"author":[{"embeddable":true,"href":"https:\/\/hoitopolut.siunsote.fi\/t1d\/wp-json\/wp\/v2\/users\/1"}],"replies":[{"embeddable":true,"href":"https:\/\/hoitopolut.siunsote.fi\/t1d\/wp-json\/wp\/v2\/comments?post=149"}],"version-history":[{"count":5,"href":"https:\/\/hoitopolut.siunsote.fi\/t1d\/wp-json\/wp\/v2\/pages\/149\/revisions"}],"predecessor-version":[{"id":248,"href":"https:\/\/hoitopolut.siunsote.fi\/t1d\/wp-json\/wp\/v2\/pages\/149\/revisions\/248"}],"wp:featuredmedia":[{"embeddable":true,"href":"https:\/\/hoitopolut.siunsote.fi\/t1d\/wp-json\/wp\/v2\/media\/247"}],"wp:attachment":[{"href":"https:\/\/hoitopolut.siunsote.fi\/t1d\/wp-json\/wp\/v2\/media?parent=149"}],"wp:term":[{"taxonomy":"category","embeddable":true,"href":"https:\/\/hoitopolut.siunsote.fi\/t1d\/wp-json\/wp\/v2\/categories?post=149"},{"taxonomy":"post_tag","embeddable":true,"href":"https:\/\/hoitopolut.siunsote.fi\/t1d\/wp-json\/wp\/v2\/tags?post=149"}],"curies":[{"name":"wp","href":"https:\/\/api.w.org\/{rel}","templated":true}]}}