{"id":145,"date":"2019-05-08T15:43:09","date_gmt":"2019-05-08T12:43:09","guid":{"rendered":"https:\/\/hoitopolut.siunsote.fi\/t1d\/?page_id=145"},"modified":"2019-06-14T12:42:00","modified_gmt":"2019-06-14T09:42:00","slug":"diabeetikko-kotisairaanhoidossa","status":"publish","type":"page","link":"https:\/\/hoitopolut.siunsote.fi\/t1d\/diabeetikko-kotisairaanhoidossa\/","title":{"rendered":"Diabeetikko kotisairaanhoidossa"},"content":{"rendered":"\n<h2 class=\"wp-block-heading\"><strong>Diabeetikko kotihoidon tai kotisairaanhoidon seurannassa<\/strong><\/h2>\n\n\n\n<ul class=\"wp-block-list\"><li>Yksil\u00f6lliset hoitotavoitteet; t\u00e4rkein tavoite on v\u00e4ltt\u00e4\u00e4 vaarallisia hypoglykemioita (hypoglykemiariski\u00e4 voivat aiheuttaa paitsi insuliinit, my\u00f6s sulfonyyliureat: Amaryl, Glimepirid ym)<\/li><li>Yksil\u00f6llinen l\u00e4\u00e4k\u00e4rin ja\/tai diabeteshoitajan suunnittelema hoito <\/li><li>T1 diabeetikko (insuliininpuutosdiabeetikko) tarvitsee aina v\u00e4hint\u00e4\u00e4n perusinsuliinin el\u00e4\u00e4kseen; monipistoshoidon ateriapistoskertoja saatetaan i\u00e4n ja monisairauksien my\u00f6t\u00e4 joutua v\u00e4hent\u00e4m\u00e4\u00e4n<\/li><li> Sairasp\u00e4iv\u00e4korjauksia kotihoidossa ei turvallisuussyist\u00e4 pid\u00e4 harrastaa muuten kuin hoitavan l\u00e4\u00e4k\u00e4rin ohjeistuksen mukaan; t\u00e4rkeint\u00e4 on selvitt\u00e4\u00e4 hyperglykemian syy (virtsatulehdus? muu infektio? muu sairaus?) ja hoitaa se \u2013 ei pelk\u00e4st\u00e4\u00e4n korjata verensokerilukemaa  <\/li><\/ul>\n","protected":false},"excerpt":{"rendered":"<p>Diabeetikko kotihoidon tai kotisairaanhoidon seurannassa Yksil\u00f6lliset hoitotavoitteet; t\u00e4rkein tavoite on v\u00e4ltt\u00e4\u00e4 vaarallisia hypoglykemioita (hypoglykemiariski\u00e4 voivat aiheuttaa paitsi insuliinit, my\u00f6s sulfonyyliureat: Amaryl, Glimepirid ym) Yksil\u00f6llinen l\u00e4\u00e4k\u00e4rin ja\/tai diabeteshoitajan suunnittelema hoito T1 diabeetikko (insuliininpuutosdiabeetikko) tarvitsee aina v\u00e4hint\u00e4\u00e4n perusinsuliinin el\u00e4\u00e4kseen; monipistoshoidon ateriapistoskertoja saatetaan i\u00e4n ja monisairauksien my\u00f6t\u00e4 joutua v\u00e4hent\u00e4m\u00e4\u00e4n Sairasp\u00e4iv\u00e4korjauksia kotihoidossa ei turvallisuussyist\u00e4 pid\u00e4 harrastaa muuten kuin hoitavan [&hellip;]<\/p>\n","protected":false},"author":1,"featured_media":146,"parent":0,"menu_order":2,"comment_status":"closed","ping_status":"closed","template":"","meta":{"footnotes":""},"categories":[17],"tags":[],"class_list":["post-145","page","type-page","status-publish","has-post-thumbnail","hentry","category-diabeetikko-tk-sairaalassa-ja-kotihoidossa"],"_links":{"self":[{"href":"https:\/\/hoitopolut.siunsote.fi\/t1d\/wp-json\/wp\/v2\/pages\/145","targetHints":{"allow":["GET"]}}],"collection":[{"href":"https:\/\/hoitopolut.siunsote.fi\/t1d\/wp-json\/wp\/v2\/pages"}],"about":[{"href":"https:\/\/hoitopolut.siunsote.fi\/t1d\/wp-json\/wp\/v2\/types\/page"}],"author":[{"embeddable":true,"href":"https:\/\/hoitopolut.siunsote.fi\/t1d\/wp-json\/wp\/v2\/users\/1"}],"replies":[{"embeddable":true,"href":"https:\/\/hoitopolut.siunsote.fi\/t1d\/wp-json\/wp\/v2\/comments?post=145"}],"version-history":[{"count":2,"href":"https:\/\/hoitopolut.siunsote.fi\/t1d\/wp-json\/wp\/v2\/pages\/145\/revisions"}],"predecessor-version":[{"id":148,"href":"https:\/\/hoitopolut.siunsote.fi\/t1d\/wp-json\/wp\/v2\/pages\/145\/revisions\/148"}],"wp:featuredmedia":[{"embeddable":true,"href":"https:\/\/hoitopolut.siunsote.fi\/t1d\/wp-json\/wp\/v2\/media\/146"}],"wp:attachment":[{"href":"https:\/\/hoitopolut.siunsote.fi\/t1d\/wp-json\/wp\/v2\/media?parent=145"}],"wp:term":[{"taxonomy":"category","embeddable":true,"href":"https:\/\/hoitopolut.siunsote.fi\/t1d\/wp-json\/wp\/v2\/categories?post=145"},{"taxonomy":"post_tag","embeddable":true,"href":"https:\/\/hoitopolut.siunsote.fi\/t1d\/wp-json\/wp\/v2\/tags?post=145"}],"curies":[{"name":"wp","href":"https:\/\/api.w.org\/{rel}","templated":true}]}}