{"id":13,"date":"2019-05-08T11:00:14","date_gmt":"2019-05-08T08:00:14","guid":{"rendered":"https:\/\/hoitopolut.siunsote.fi\/t1d\/?page_id=13"},"modified":"2022-06-09T09:56:08","modified_gmt":"2022-06-09T06:56:08","slug":"tyypin-1-diabeteksen-diagnosointi-ja-hoidon-aloitus","status":"publish","type":"page","link":"https:\/\/hoitopolut.siunsote.fi\/t1d\/tyypin-1-diabeteksen-diagnosointi-ja-hoidon-aloitus\/","title":{"rendered":"Diagnosointi ja hoidon aloitus"},"content":{"rendered":"\n<h2 class=\"wp-block-heading\"><strong>Tyypin 1 diabeteksen diagnoosi<\/strong><\/h2>\n\n\n\n<h3 class=\"wp-block-heading\"> Insuliininpuutteen tunnistaminen <\/h3>\n\n\n\n<ul class=\"wp-block-list\"><li>Diagnoosi vaiheessa ei ole yksiselitteisi\u00e4 kriteerej\u00e4 <\/li><li>Ep\u00e4ile:<ul><li>Jos EI MBO piirteit\u00e4, nuori ik\u00e4, sukuanamneesi <\/li><li>Oireet: nopeasti merkitt\u00e4v\u00e4t hyperglykemian oireet (polyuria, janotus, laihtuminen) sek\u00e4 ketoasidoosin ep\u00e4ily (yleistilan lasku, pahoinvointi, oksentelu, vatsakipu, asetonin haju hengityksess\u00e4) <\/li><\/ul><\/li><li>Matala C-peptidi ( gluk ollessa yli 7 mmol\/l): alle 0,3 nmol\/l = merkitt\u00e4v\u00e4 insuliininpuute<\/li><li>Koholla olevat GAD-vasta-aineet <\/li><\/ul>\n\n\n\n<h3 class=\"wp-block-heading\"> Insuliinikorvaushoidon aloitus \u2013 kiireellisyys <\/h3>\n\n\n\n<p> Hoidon aloitus ESH:ssa. <\/p>\n\n\n\n<p> <strong>Kiireellisyys riippuu<\/strong> oireiden kehittymisen nopeudesta ja yleistilasta<\/p>\n\n\n\n<ul class=\"wp-block-list\"><li>Jos yleistila hyv\u00e4 ja gluk vain kohtuullisesti koholla (n 15 mmol\/mol) \u2013 voi odottaa seuraavaan p\u00e4iv\u00e4\u00e4n (tai l\u00e4hip\u00e4iville) <ul><li>L\u00e4hete SIS p\u00e4ivystykseen p\u00e4\u00e4s\u00e4\u00e4nt\u00f6isesti<\/li><li> Jos arvioit, ett\u00e4 riitt\u00e4\u00e4 1 viikon sis\u00e4ll\u00e4 ESH arvio, niin l\u00e4hete DIA pkl:lle kiireellisen\u00e4 (1-7pv) <\/li><\/ul><\/li><li>Voimakkaasti oireinen, alentunut yleistila ja gluk selv\u00e4sti koholla (yli 15 mmol\/mol) l\u00e4hetet\u00e4\u00e4n p\u00e4ivystyksen\u00e4 erikoissairaanhoitoon (SIS) <\/li><li>Jos ei ole ketoasidoosia, niin polikliininen hoidon aloitus mahdollinen (jos esim. et\u00e4isyyden puolesta mahdollinen). T\u00e4m\u00e4 arvioidaan ESH:ssa <\/li><\/ul>\n\n\n\n<h3 class=\"wp-block-heading\"><\/h3>\n\n\n\n<h3 class=\"wp-block-heading\"><\/h3>\n\n\n\n<p><\/p>\n\n\n\n<h3 class=\"wp-block-heading\"><\/h3>\n\n\n\n<p><\/p>\n\n\n\n<p><br><\/p>\n","protected":false},"excerpt":{"rendered":"<p>Tyypin 1 diabeteksen diagnoosi Insuliininpuutteen tunnistaminen Diagnoosi vaiheessa ei ole yksiselitteisi\u00e4 kriteerej\u00e4 Ep\u00e4ile: Jos EI MBO piirteit\u00e4, nuori ik\u00e4, sukuanamneesi Oireet: nopeasti merkitt\u00e4v\u00e4t hyperglykemian oireet (polyuria, janotus, laihtuminen) sek\u00e4 ketoasidoosin ep\u00e4ily (yleistilan lasku, pahoinvointi, oksentelu, vatsakipu, asetonin haju hengityksess\u00e4) Matala C-peptidi ( gluk ollessa yli 7 mmol\/l): alle 0,3 nmol\/l = merkitt\u00e4v\u00e4 insuliininpuute Koholla olevat [&hellip;]<\/p>\n","protected":false},"author":1,"featured_media":14,"parent":0,"menu_order":-2,"comment_status":"closed","ping_status":"closed","template":"","meta":{"footnotes":""},"categories":[2],"tags":[],"class_list":["post-13","page","type-page","status-publish","has-post-thumbnail","hentry","category-etusivu"],"_links":{"self":[{"href":"https:\/\/hoitopolut.siunsote.fi\/t1d\/wp-json\/wp\/v2\/pages\/13","targetHints":{"allow":["GET"]}}],"collection":[{"href":"https:\/\/hoitopolut.siunsote.fi\/t1d\/wp-json\/wp\/v2\/pages"}],"about":[{"href":"https:\/\/hoitopolut.siunsote.fi\/t1d\/wp-json\/wp\/v2\/types\/page"}],"author":[{"embeddable":true,"href":"https:\/\/hoitopolut.siunsote.fi\/t1d\/wp-json\/wp\/v2\/users\/1"}],"replies":[{"embeddable":true,"href":"https:\/\/hoitopolut.siunsote.fi\/t1d\/wp-json\/wp\/v2\/comments?post=13"}],"version-history":[{"count":14,"href":"https:\/\/hoitopolut.siunsote.fi\/t1d\/wp-json\/wp\/v2\/pages\/13\/revisions"}],"predecessor-version":[{"id":778,"href":"https:\/\/hoitopolut.siunsote.fi\/t1d\/wp-json\/wp\/v2\/pages\/13\/revisions\/778"}],"wp:featuredmedia":[{"embeddable":true,"href":"https:\/\/hoitopolut.siunsote.fi\/t1d\/wp-json\/wp\/v2\/media\/14"}],"wp:attachment":[{"href":"https:\/\/hoitopolut.siunsote.fi\/t1d\/wp-json\/wp\/v2\/media?parent=13"}],"wp:term":[{"taxonomy":"category","embeddable":true,"href":"https:\/\/hoitopolut.siunsote.fi\/t1d\/wp-json\/wp\/v2\/categories?post=13"},{"taxonomy":"post_tag","embeddable":true,"href":"https:\/\/hoitopolut.siunsote.fi\/t1d\/wp-json\/wp\/v2\/tags?post=13"}],"curies":[{"name":"wp","href":"https:\/\/api.w.org\/{rel}","templated":true}]}}