{"id":121,"date":"2019-05-08T15:16:17","date_gmt":"2019-05-08T12:16:17","guid":{"rendered":"https:\/\/hoitopolut.siunsote.fi\/t1d\/?page_id=121"},"modified":"2022-06-09T12:49:18","modified_gmt":"2022-06-09T09:49:18","slug":"akuutti-munuaisten-vajaatoiminta","status":"publish","type":"page","link":"https:\/\/hoitopolut.siunsote.fi\/t1d\/akuutti-munuaisten-vajaatoiminta\/","title":{"rendered":"Akuutti munuaisten vajaatoiminta"},"content":{"rendered":"\n<ul class=\"wp-block-list\"><li> Tauota diabeteksen tablettil\u00e4\u00e4kkeet ja hoida vajaatoimintatilanteen ajan insuliinilla <\/li><li> Tauota mahdolliset nefrotoksiset l\u00e4\u00e4kkeet<ul><li>ACE-est\u00e4j\u00e4\/ A2 salpaaja akuuttivaiheessa, NSAID-l\u00e4\u00e4kkeet ym.<\/li><\/ul><\/li><\/ul>\n\n\n\n<p><\/p>\n\n\n\n<p>K\u00e4yp\u00e4 hoito suositus: <a href=\"https:\/\/www.kaypahoito.fi\/hoi50081\">Munuaisvaurio (akuutti)<\/a><\/p>\n\n\n\n<p>L\u00e4\u00e4k\u00e4rin k\u00e4sikirja: <a href=\"https:\/\/www.terveysportti.fi\/apps\/dtk\/ltk\/article\/ykt00276\/search\/akuutti%20munuaisten%20vajaatoiminta\">Akuutti munuaisvaurio<\/a><\/p>\n","protected":false},"excerpt":{"rendered":"<p>Tauota diabeteksen tablettil\u00e4\u00e4kkeet ja hoida vajaatoimintatilanteen ajan insuliinilla Tauota mahdolliset nefrotoksiset l\u00e4\u00e4kkeet ACE-est\u00e4j\u00e4\/ A2 salpaaja akuuttivaiheessa, NSAID-l\u00e4\u00e4kkeet ym. K\u00e4yp\u00e4 hoito suositus: Munuaisvaurio (akuutti) L\u00e4\u00e4k\u00e4rin k\u00e4sikirja: Akuutti munuaisvaurio<\/p>\n","protected":false},"author":1,"featured_media":122,"parent":0,"menu_order":5,"comment_status":"closed","ping_status":"closed","template":"","meta":{"footnotes":""},"categories":[98,17],"tags":[],"class_list":["post-121","page","type-page","status-publish","has-post-thumbnail","hentry","category-diabeetikko-paivystyksessa-ja-esh-sairaalassa","category-diabeetikko-tk-sairaalassa-ja-kotihoidossa"],"_links":{"self":[{"href":"https:\/\/hoitopolut.siunsote.fi\/t1d\/wp-json\/wp\/v2\/pages\/121","targetHints":{"allow":["GET"]}}],"collection":[{"href":"https:\/\/hoitopolut.siunsote.fi\/t1d\/wp-json\/wp\/v2\/pages"}],"about":[{"href":"https:\/\/hoitopolut.siunsote.fi\/t1d\/wp-json\/wp\/v2\/types\/page"}],"author":[{"embeddable":true,"href":"https:\/\/hoitopolut.siunsote.fi\/t1d\/wp-json\/wp\/v2\/users\/1"}],"replies":[{"embeddable":true,"href":"https:\/\/hoitopolut.siunsote.fi\/t1d\/wp-json\/wp\/v2\/comments?post=121"}],"version-history":[{"count":3,"href":"https:\/\/hoitopolut.siunsote.fi\/t1d\/wp-json\/wp\/v2\/pages\/121\/revisions"}],"predecessor-version":[{"id":811,"href":"https:\/\/hoitopolut.siunsote.fi\/t1d\/wp-json\/wp\/v2\/pages\/121\/revisions\/811"}],"wp:featuredmedia":[{"embeddable":true,"href":"https:\/\/hoitopolut.siunsote.fi\/t1d\/wp-json\/wp\/v2\/media\/122"}],"wp:attachment":[{"href":"https:\/\/hoitopolut.siunsote.fi\/t1d\/wp-json\/wp\/v2\/media?parent=121"}],"wp:term":[{"taxonomy":"category","embeddable":true,"href":"https:\/\/hoitopolut.siunsote.fi\/t1d\/wp-json\/wp\/v2\/categories?post=121"},{"taxonomy":"post_tag","embeddable":true,"href":"https:\/\/hoitopolut.siunsote.fi\/t1d\/wp-json\/wp\/v2\/tags?post=121"}],"curies":[{"name":"wp","href":"https:\/\/api.w.org\/{rel}","templated":true}]}}