{"id":112,"date":"2019-05-08T15:11:26","date_gmt":"2019-05-08T12:11:26","guid":{"rendered":"https:\/\/hoitopolut.siunsote.fi\/t1d\/?page_id=112"},"modified":"2022-06-09T12:50:13","modified_gmt":"2022-06-09T09:50:13","slug":"hyperglykemia-ja-ketoasidoosi","status":"publish","type":"page","link":"https:\/\/hoitopolut.siunsote.fi\/t1d\/hyperglykemia-ja-ketoasidoosi\/","title":{"rendered":"Hyperglykemia ja ketoasidoosi"},"content":{"rendered":"\n<h2 class=\"wp-block-heading\" id=\"mce_0\"><strong>Ketoasidoosi \ufeff<\/strong><\/h2>\n\n\n\n<h3 class=\"wp-block-heading\" id=\"mce_1\">Diagnoosi<\/h3>\n\n\n\n<ul class=\"wp-block-list\"><li>Oireet: lis\u00e4\u00e4ntynyt virtsan eritys, janotus, yleistilan lasku, pahoinvointi, oksentelu, vatsakipu, asetonin haju hengityksess\u00e4<ul><li>Ketoaineet koholla (mitataan verest\u00e4, virtsamittausta ei suositella)<\/li><\/ul><\/li><li>Pikamittarilla tai P-OHButyr &gt; 3mmol\/mol<\/li><li>Verensokeri on koholla , yleens\u00e4 yli 15 mmol\/l (Joskus voi olla alempikin, eli poikkeuksena esim. SGLT2:n est\u00e4jien k\u00e4ytt\u00e4j\u00e4t, hyvin alipainoiset, raskaana olevat tai hypokortisolismia sairastavat)<\/li><li>Ketoasidoosin hoidossa olennaisia ovat riitt\u00e4v\u00e4 nesteytys, insuliinihoito ja kaliumin anto <\/li><\/ul>\n\n\n\n<p>Ohjataan p\u00e4ivystyksen\u00e4 sairaalaan (SIS tai lapset LAS)  <\/p>\n\n\n\n<p><a href=\"https:\/\/siunsote.sharepoint.com\/:w:\/r\/sites\/Tiedostopankki\/_layouts\/15\/Doc.aspx?sourcedoc=%7B880EACD4-48FB-4D8F-AA6D-78E3ED849882%7D&amp;file=Siunsote__SIS_tyoohje_diabeettinen_ketoasidoosi.docx&amp;action=default&amp;mobileredirect=true\">Linkki Siun soten Ketoasidoosin hoito-ohjeeseen ja potilasohjeesee<\/a>n<\/p>\n\n\n\n<p><a href=\"http:\/\/www.kaypahoito.fi\/web\/kh\/suositukset\/suositus?id=hoi50116#s19_2\">Linkki Insuliininpuutosdiabetes \u2013 K\u00e4yp\u00e4hoito -suostukseen<\/a><\/p>\n\n\n\n<h3 class=\"wp-block-heading\" id=\"mce_6\">Ketoaineiden m\u00e4\u00e4r\u00e4t ja toimet <\/h3>\n\n\n\n<p>Ketoaineita\nalle 0,6 mmol\/l, ei tarvita erityistoimia, mahdollisen korkean verensokerin\nhoito.<\/p>\n\n\n\n<p>Ketoaineita\n0,6\u20131,5 mmol\/l, jos verensokeri on yli 10 mmol\/l, korkean verensokerin hoito,\ntarkista verensokeri ja ketoaineet 2 tunnin kuluttua uudelleen.<\/p>\n\n\n\n<p>Ketoaineita\n1,5\u20133,0 mmol\/l, happomyrkytyksen riski on kasvanut, juo nestett\u00e4 ja pist\u00e4\npikainsuliinia enemm\u00e4n kuin ottaisit pelk\u00e4st\u00e4\u00e4n kohonneen verensokerin\nkorjaamiseksi. Annoksen nosto voi olla suuruusluokkaa 30\u201350 prosenttia enemm\u00e4n\nkuin tavallisesti. Jos sinulla on lis\u00e4ksi huono olo tai verensokerisi ei\nedelleenk\u00e4\u00e4n laske, ota yhteys hoitopaikkaasi.<\/p>\n\n\n\n<p>Ketoaineita enemm\u00e4n kuin 3,0 mmol\/l, happomyrkytyksen riski on korkea, hakeudu viivytyksett\u00e4 sairaalahoitoon. Happomyrkytys voi edet\u00e4 vaikeaksi nopeasti. <\/p>\n\n\n<p><!--EndFragment--><\/p>\n<p><\/p>","protected":false},"excerpt":{"rendered":"<p>Ketoasidoosi \ufeff Diagnoosi Oireet: lis\u00e4\u00e4ntynyt virtsan eritys, janotus, yleistilan lasku, pahoinvointi, oksentelu, vatsakipu, asetonin haju hengityksess\u00e4 Ketoaineet koholla (mitataan verest\u00e4, virtsamittausta ei suositella) Pikamittarilla tai P-OHButyr &gt; 3mmol\/mol Verensokeri on koholla , yleens\u00e4 yli 15 mmol\/l (Joskus voi olla alempikin, eli poikkeuksena esim. SGLT2:n est\u00e4jien k\u00e4ytt\u00e4j\u00e4t, hyvin alipainoiset, raskaana olevat tai hypokortisolismia sairastavat) Ketoasidoosin hoidossa [&hellip;]<\/p>\n","protected":false},"author":1,"featured_media":113,"parent":0,"menu_order":2,"comment_status":"closed","ping_status":"closed","template":"","meta":{"footnotes":""},"categories":[33,98],"tags":[],"class_list":["post-112","page","type-page","status-publish","has-post-thumbnail","hentry","category-akuutit-diabeteskomplikaatiot","category-diabeetikko-paivystyksessa-ja-esh-sairaalassa"],"_links":{"self":[{"href":"https:\/\/hoitopolut.siunsote.fi\/t1d\/wp-json\/wp\/v2\/pages\/112","targetHints":{"allow":["GET"]}}],"collection":[{"href":"https:\/\/hoitopolut.siunsote.fi\/t1d\/wp-json\/wp\/v2\/pages"}],"about":[{"href":"https:\/\/hoitopolut.siunsote.fi\/t1d\/wp-json\/wp\/v2\/types\/page"}],"author":[{"embeddable":true,"href":"https:\/\/hoitopolut.siunsote.fi\/t1d\/wp-json\/wp\/v2\/users\/1"}],"replies":[{"embeddable":true,"href":"https:\/\/hoitopolut.siunsote.fi\/t1d\/wp-json\/wp\/v2\/comments?post=112"}],"version-history":[{"count":6,"href":"https:\/\/hoitopolut.siunsote.fi\/t1d\/wp-json\/wp\/v2\/pages\/112\/revisions"}],"predecessor-version":[{"id":682,"href":"https:\/\/hoitopolut.siunsote.fi\/t1d\/wp-json\/wp\/v2\/pages\/112\/revisions\/682"}],"wp:featuredmedia":[{"embeddable":true,"href":"https:\/\/hoitopolut.siunsote.fi\/t1d\/wp-json\/wp\/v2\/media\/113"}],"wp:attachment":[{"href":"https:\/\/hoitopolut.siunsote.fi\/t1d\/wp-json\/wp\/v2\/media?parent=112"}],"wp:term":[{"taxonomy":"category","embeddable":true,"href":"https:\/\/hoitopolut.siunsote.fi\/t1d\/wp-json\/wp\/v2\/categories?post=112"},{"taxonomy":"post_tag","embeddable":true,"href":"https:\/\/hoitopolut.siunsote.fi\/t1d\/wp-json\/wp\/v2\/tags?post=112"}],"curies":[{"name":"wp","href":"https:\/\/api.w.org\/{rel}","templated":true}]}}