{"id":103,"date":"2019-05-08T15:01:34","date_gmt":"2019-05-08T12:01:34","guid":{"rendered":"https:\/\/hoitopolut.siunsote.fi\/t1d\/?page_id=103"},"modified":"2022-06-17T11:16:49","modified_gmt":"2022-06-17T08:16:49","slug":"hoidon-ohjaus","status":"publish","type":"page","link":"https:\/\/hoitopolut.siunsote.fi\/t1d\/hoidon-ohjaus\/","title":{"rendered":"Hoidon ohjaus"},"content":{"rendered":"\n<h2 class=\"wp-block-heading\" id=\"tuore-tyypin-1-diabetes-hoidon-ohjaus\"><strong>Tuore tyypin 1 diabetes, hoidon ohjaus <\/strong><\/h2>\n\n\n\n<h3 class=\"wp-block-heading\" id=\"hoidon-ohjauksen-sisalto\"><strong>Hoidon ohjauksen sis\u00e4lt\u00f6<\/strong><\/h3>\n\n\n\n<p><\/p>\n\n\n\n<h4 class=\"wp-block-heading\" id=\"a-diabetes-sairastuneena\">A. Diabetes sairastuneena<\/h4>\n\n\n\n<ul class=\"wp-block-list\"><li>Kirjallinen materiaali: Tyypin 1 diabetes: Ensitieto-opas<\/li><li>Potilaan p\u00e4iv\u00e4rytmin kartoittaminen (ty\u00f6 &#8211; ruokailu \u2013 liikunta)<\/li><li>Sairauteen sopeutumisessa tukeminen<\/li><\/ul>\n\n\n\n<h4 class=\"wp-block-heading\" id=\"b-verensokerin-mittaus\">B. Verensokerin mittaus<\/h4>\n\n\n\n<ul class=\"wp-block-list\"><li>Verensokeriseurannan ohjaus ja merkitys; mittaus ennen ja j\u00e4lkeen aterioiden (tavoitteena, ett\u00e4 diabeetikko ymm\u00e4rt\u00e4\u00e4 HH ja insuliinin yhteen sovittamisen)<\/li><li>Osastolla valittavana erilaisia diabeetikolle maksuttomia verensokerimittareita k\u00e4ytt\u00f6tarpeen ja liuskasaatavuuden mukaan (huomioitava liuskasaatavuus kunnista)<\/li><li>Mittarin k\u00e4yt\u00f6n ohjaus ja opetus, ateriamerkinn\u00e4t mittariin tai omaseurantavihkoon<\/li><li>Verensokerin omaseurantatulosten kirjaaminen ja mittaustulosten hy\u00f6dynt\u00e4minen (tarvittaessa ohjaus tietokonepohjaisen ohjelman k\u00e4ytt\u00e4miseen)<\/li><\/ul>\n\n\n\n<h4 class=\"wp-block-heading\" id=\"c-insuliinin-pistaminen\">C. Insuliinin pist\u00e4minen<\/h4>\n\n\n\n<ul class=\"wp-block-list\"><li>Pistosv\u00e4lineiden ja neulojen valinta, k\u00e4yt\u00f6n ohjaus (monik\u00e4ytt\u00f6kyn\u00e4t, esit\u00e4ytetyt kyn\u00e4t)<\/li><li>Insuliinipumpusta lyhyt maininta<\/li><li>Diabeetikko saa osastolta monik\u00e4ytt\u00f6kyn\u00e4t veloituksetta ja kyn\u00e4t valitaan tarpeen ja k\u00e4yt\u00f6n mukaan<\/li><li>Pistospaikat, (kirjalliset ja kuvalliset ohjeet)<\/li><li>Insuliinien vaikutusajat, insuliinik\u00e4yr\u00e4t ja insuliinin s\u00e4ilytys<\/li><li>Ohjaus tarvikejakelusta ja s\u00e4hk\u00f6inen hoitotarvikel\u00e4hete<\/li><\/ul>\n\n\n\n<h4 class=\"wp-block-heading\" id=\"d-hypoglykemia\">D. Hypoglykemia<\/h4>\n\n\n\n<ul class=\"wp-block-list\"><li>Hypoglykemian oireet ja hoito<\/li><li>Ohjaus insuliiniannosten muuttamiseen tarvittaessa<\/li><li>Liikunnan merkitys verensokeriin<\/li><\/ul>\n\n\n\n<h4 class=\"wp-block-heading\" id=\"e-ravitsemusohjaus\">E. Ravitsemusohjaus<\/h4>\n\n\n\n<ul class=\"wp-block-list\"><li>Ravitsemusohjaus on yhteisty\u00f6t\u00e4 ravitsemusterapeutin ja hoitohenkil\u00f6kunnan kanssa<\/li><li>Oikean energiatason m\u00e4\u00e4ritys osastolle tultaessa (ravitsemushoitosuositus) (XS-XL)<\/li><li>Ravintoanamneesi (erillinen lomake + t\u00e4ytt\u00f6ohjeet) t\u00e4ytet\u00e4\u00e4n huolellisesti yhdess\u00e4 sairaanhoitajan kanssa osastolla ennen ravitsemusterapeutin vastaanottoa<\/li><li>Terveellinen diabeetikon ruokavalio<\/li><li>Ruoan, insuliinin ja liikunnan yhteensovittaminen<\/li><li>Insuliinin annostelu \/ 10gHH sek\u00e4 annoksen s\u00e4\u00e4t\u00e4minen tarpeen mukaan<\/li><li>Tarjottua ruokaa (ateriat ja v\u00e4lipalat) k\u00e4ytet\u00e4\u00e4n hiilihydraattiohjauksen tukena<\/li><li>Osastolla ohjataan hiilihydraattiarvioinnin aakkoset (Diabetesliiton rep\u00e4isylehdet: 10 &#8211; 20 g hh\/annos ja NovoNordiskin Hiilihydraattik\u00e4sikirja)<\/li><\/ul>\n\n\n\n<h4 class=\"wp-block-heading\" id=\"f-jalkojen-omahoito-vain-akuutit-ongelmat-osastojaksolla\">F. Jalkojen omahoito &#8211; vain akuutit ongelmat osastojaksolla<\/h4>\n\n\n\n<ul class=\"wp-block-list\"><li>Tarvittaessa tehd\u00e4\u00e4n l\u00e4hete jalkaterapeutille, jos jaloissa ongelmia, muutoin jalkaterapeutin k\u00e4ynti 1. vuotis l\u00e4\u00e4k\u00e4rin vastaanottok\u00e4ynnill\u00e4<\/li><li>Annetaan jalkojen omahoito-opas (Diabetesliitto)<\/li><\/ul>\n\n\n\n<h4 class=\"wp-block-heading\" id=\"g-diabeetikon-sosiaaliturva\">G. Diabeetikon sosiaaliturva<\/h4>\n\n\n\n<ul class=\"wp-block-list\"><li>Ty\u00f6viesti sosiaality\u00f6ntekij\u00e4lle, akuuteissa tilanteissa voi pyyt\u00e4\u00e4 k\u00e4ym\u00e4\u00e4n osastolla<\/li><li>Diabeetikon sosiaaliturvaopas<\/li><\/ul>\n","protected":false},"excerpt":{"rendered":"<p>Tuore tyypin 1 diabetes, hoidon ohjaus Hoidon ohjauksen sis\u00e4lt\u00f6 A. Diabetes sairastuneena Kirjallinen materiaali: Tyypin 1 diabetes: Ensitieto-opas Potilaan p\u00e4iv\u00e4rytmin kartoittaminen (ty\u00f6 &#8211; ruokailu \u2013 liikunta) Sairauteen sopeutumisessa tukeminen B. Verensokerin mittaus Verensokeriseurannan ohjaus ja merkitys; mittaus ennen ja j\u00e4lkeen aterioiden (tavoitteena, ett\u00e4 diabeetikko ymm\u00e4rt\u00e4\u00e4 HH ja insuliinin yhteen sovittamisen) Osastolla valittavana erilaisia diabeetikolle maksuttomia [&hellip;]<\/p>\n","protected":false},"author":1,"featured_media":105,"parent":0,"menu_order":6,"comment_status":"closed","ping_status":"closed","template":"","meta":{"footnotes":""},"categories":[9,5,24],"tags":[],"class_list":["post-103","page","type-page","status-publish","has-post-thumbnail","hentry","category-diabeteksen-hoito-ja-verensokeriseuranta","category-diagnosointi-ja-hoidon-aloitus","category-tyypin-1-diabeteksen-diagnosointi-ja-hoidon-aloitus"],"_links":{"self":[{"href":"https:\/\/hoitopolut.siunsote.fi\/t1d\/wp-json\/wp\/v2\/pages\/103","targetHints":{"allow":["GET"]}}],"collection":[{"href":"https:\/\/hoitopolut.siunsote.fi\/t1d\/wp-json\/wp\/v2\/pages"}],"about":[{"href":"https:\/\/hoitopolut.siunsote.fi\/t1d\/wp-json\/wp\/v2\/types\/page"}],"author":[{"embeddable":true,"href":"https:\/\/hoitopolut.siunsote.fi\/t1d\/wp-json\/wp\/v2\/users\/1"}],"replies":[{"embeddable":true,"href":"https:\/\/hoitopolut.siunsote.fi\/t1d\/wp-json\/wp\/v2\/comments?post=103"}],"version-history":[{"count":10,"href":"https:\/\/hoitopolut.siunsote.fi\/t1d\/wp-json\/wp\/v2\/pages\/103\/revisions"}],"predecessor-version":[{"id":779,"href":"https:\/\/hoitopolut.siunsote.fi\/t1d\/wp-json\/wp\/v2\/pages\/103\/revisions\/779"}],"wp:featuredmedia":[{"embeddable":true,"href":"https:\/\/hoitopolut.siunsote.fi\/t1d\/wp-json\/wp\/v2\/media\/105"}],"wp:attachment":[{"href":"https:\/\/hoitopolut.siunsote.fi\/t1d\/wp-json\/wp\/v2\/media?parent=103"}],"wp:term":[{"taxonomy":"category","embeddable":true,"href":"https:\/\/hoitopolut.siunsote.fi\/t1d\/wp-json\/wp\/v2\/categories?post=103"},{"taxonomy":"post_tag","embeddable":true,"href":"https:\/\/hoitopolut.siunsote.fi\/t1d\/wp-json\/wp\/v2\/tags?post=103"}],"curies":[{"name":"wp","href":"https:\/\/api.w.org\/{rel}","templated":true}]}}