{"id":100,"date":"2019-05-08T14:56:12","date_gmt":"2019-05-08T11:56:12","guid":{"rendered":"https:\/\/hoitopolut.siunsote.fi\/t1d\/?page_id=100"},"modified":"2022-06-09T09:21:34","modified_gmt":"2022-06-09T06:21:34","slug":"ravitsemus","status":"publish","type":"page","link":"https:\/\/hoitopolut.siunsote.fi\/t1d\/ravitsemus\/","title":{"rendered":"Ravitsemus"},"content":{"rendered":"\n<h2 class=\"wp-block-heading\"><strong>Tyypin 1 diabeteksen alkuohjaus ravitsemusterapiassa<\/strong><\/h2>\n\n\n\n<p>Ihannetilanteessa\nHH-ohjaus alkaa jo osastolla ennen ravitsemusterapiak\u00e4ynti\u00e4<\/p>\n\n\n\n<p>Ty\u00f6viesti\nravitsemusterapiaan<\/p>\n\n\n\n<p>Ravitsemusohjauksen sis\u00e4ll\u00f6t p\u00e4\u00e4piirteiss\u00e4\u00e4n:<\/p>\n\n\n\n<p><strong>1. k\u00e4ynti<\/strong><\/p>\n\n\n\n<ul class=\"wp-block-list\"><li>Pituus, paino, BMI<\/li><li>Insuliinihoidon kertaus, kuinka insuliiniannostelu on ohjattu toteuttamaan<\/li><li>Esitietolomakkeesta: (annetaan osastolta)<ul><li>Potilaan ruokavalinnat kuten rasvan laatu, kasvikset, juomat, alkoholin k\u00e4ytt\u00f6<\/li><li>Liikuntatottumukset, muut harrastukset ym.<\/li><li>Oman tavanomaisen p\u00e4iv\u00e4n kulku ja ruokavalinnat (my\u00f6s viikonloppu, poikkeava p\u00e4iv\u00e4)<\/li><li>Mik\u00e4li esitietolomaketta ei ole mukana, tehd\u00e4\u00e4n ravintoanamneesi<\/li><\/ul><\/li><li>Suositeltava ruokavalio ja aterioiden rytmitys<\/li><li>Hiilihydraatteja sis\u00e4lt\u00e4v\u00e4t ja ei-sis\u00e4lt\u00e4v\u00e4t ruoat<\/li><li>Hiilihydraattim\u00e4\u00e4rien arviointi<ul><li>HH-taulukko (kirjanen, moniste ja k\u00e4nnykk\u00e4sovellus)<\/li><li><a href=\"https:\/\/hoitopolut.siunsote.fi\/t1d\/wp-content\/uploads\/2019\/06\/VALMIS_10-ja-20gHH-kuvasarja.pdf\" target=\"_blank\" rel=\"noreferrer noopener\" aria-label=\"10\/20gHH -kuvat (avautuu uudessa v\u00e4lilehdess\u00e4)\">10\/20gHH -kuvat<\/a><\/li><li><a rel=\"noreferrer noopener\" aria-label=\"www.fineli.fi (THL) (avautuu uudessa v\u00e4lilehdess\u00e4)\" href=\"http:\/\/www.fineli.fi\" target=\"_blank\">www.fineli.fi (THL)<\/a><\/li><li>elintarvikepakkausten ravintosis\u00e4lt\u00f6tiedot<\/li><\/ul><\/li><li>Insuliini\/hiilihydraattisuhde<\/li><li>Korjausannoksen arviointi<\/li><li>Matala verensokeri ja sen korjaaminen<\/li><li>Verensokerimittaukset ennen\/j\u00e4lkeen aterian (miten ja miksi)<\/li><li>Kirjanpito vihkoon (miten ja miksi)<\/li><li>Liikunta<\/li><li>Alkoholi<\/li><\/ul>\n\n\n\n<p><strong>2. k\u00e4ynti<\/strong><\/p>\n\n\n\n<ul class=\"wp-block-list\"><li>Kertausta ensik\u00e4ynnin asioista<\/li><li>Kirjanpidon arviointi yhdess\u00e4<ul><li>vihkossa\/Libress\u00e4 arvioidut HH:t, insuliinit ja verensokerit<\/li><\/ul><\/li><li>Mik\u00e4 on mennyt hyvin, miss\u00e4 on ollut ongelmia?<\/li><li>Terveytt\u00e4 edist\u00e4v\u00e4 ruokavalio (ja muut yksil\u00f6lliset ohjaustarpeet)<\/li><\/ul>\n\n\n<div class=\"wp-block-image\">\n<figure class=\"aligncenter\"><img loading=\"lazy\" decoding=\"async\" width=\"769\" height=\"549\" src=\"https:\/\/hoitopolut.siunsote.fi\/t1d\/wp-content\/uploads\/2019\/06\/VALMIS_10g-hiilihydraattia.png\" alt=\"\" class=\"wp-image-515\"\/><\/figure>\n<\/div>","protected":false},"excerpt":{"rendered":"<p>Tyypin 1 diabeteksen alkuohjaus ravitsemusterapiassa Ihannetilanteessa HH-ohjaus alkaa jo osastolla ennen ravitsemusterapiak\u00e4ynti\u00e4 Ty\u00f6viesti ravitsemusterapiaan Ravitsemusohjauksen sis\u00e4ll\u00f6t p\u00e4\u00e4piirteiss\u00e4\u00e4n: 1. k\u00e4ynti Pituus, paino, BMI Insuliinihoidon kertaus, kuinka insuliiniannostelu on ohjattu toteuttamaan Esitietolomakkeesta: (annetaan osastolta) Potilaan ruokavalinnat kuten rasvan laatu, kasvikset, juomat, alkoholin k\u00e4ytt\u00f6 Liikuntatottumukset, muut harrastukset ym. Oman tavanomaisen p\u00e4iv\u00e4n kulku ja ruokavalinnat (my\u00f6s viikonloppu, poikkeava p\u00e4iv\u00e4) [&hellip;]<\/p>\n","protected":false},"author":1,"featured_media":541,"parent":0,"menu_order":5,"comment_status":"closed","ping_status":"closed","template":"","meta":{"footnotes":""},"categories":[9,24],"tags":[],"class_list":["post-100","page","type-page","status-publish","has-post-thumbnail","hentry","category-diabeteksen-hoito-ja-verensokeriseuranta","category-tyypin-1-diabeteksen-diagnosointi-ja-hoidon-aloitus"],"_links":{"self":[{"href":"https:\/\/hoitopolut.siunsote.fi\/t1d\/wp-json\/wp\/v2\/pages\/100","targetHints":{"allow":["GET"]}}],"collection":[{"href":"https:\/\/hoitopolut.siunsote.fi\/t1d\/wp-json\/wp\/v2\/pages"}],"about":[{"href":"https:\/\/hoitopolut.siunsote.fi\/t1d\/wp-json\/wp\/v2\/types\/page"}],"author":[{"embeddable":true,"href":"https:\/\/hoitopolut.siunsote.fi\/t1d\/wp-json\/wp\/v2\/users\/1"}],"replies":[{"embeddable":true,"href":"https:\/\/hoitopolut.siunsote.fi\/t1d\/wp-json\/wp\/v2\/comments?post=100"}],"version-history":[{"count":11,"href":"https:\/\/hoitopolut.siunsote.fi\/t1d\/wp-json\/wp\/v2\/pages\/100\/revisions"}],"predecessor-version":[{"id":771,"href":"https:\/\/hoitopolut.siunsote.fi\/t1d\/wp-json\/wp\/v2\/pages\/100\/revisions\/771"}],"wp:featuredmedia":[{"embeddable":true,"href":"https:\/\/hoitopolut.siunsote.fi\/t1d\/wp-json\/wp\/v2\/media\/541"}],"wp:attachment":[{"href":"https:\/\/hoitopolut.siunsote.fi\/t1d\/wp-json\/wp\/v2\/media?parent=100"}],"wp:term":[{"taxonomy":"category","embeddable":true,"href":"https:\/\/hoitopolut.siunsote.fi\/t1d\/wp-json\/wp\/v2\/categories?post=100"},{"taxonomy":"post_tag","embeddable":true,"href":"https:\/\/hoitopolut.siunsote.fi\/t1d\/wp-json\/wp\/v2\/tags?post=100"}],"curies":[{"name":"wp","href":"https:\/\/api.w.org\/{rel}","templated":true}]}}